{"id":95465,"date":"2026-04-09T17:55:53","date_gmt":"2026-04-09T15:55:53","guid":{"rendered":"https:\/\/www.museudebadalona.cat\/?page_id=95465"},"modified":"2026-04-10T14:29:05","modified_gmt":"2026-04-10T12:29:05","slug":"visitas-al-patrimonio-no-musealizado","status":"publish","type":"page","link":"https:\/\/www.museudebadalona.cat\/es\/visitas-al-patrimonio-no-musealizado\/","title":{"rendered":"Visitas al patrimonio no musealizado"},"content":{"rendered":"<div id='full_slider_1'  class='avia-fullwidth-slider main_color avia-shadow   avia-builder-el-0  el_before_av_one_full  avia-builder-el-first   container_wrap sidebar_right'  ><div  class='avia-slideshow av-jpdyirhb-17c1469218998f7e94cdc262126b2f81 avia-slideshow-no scaling av_slideshow_full avia-slide-slider av-slideshow-ui av-control-default av-slideshow-manual av-loop-once av-loop-manual-endless av-default-height-applied   avia-slideshow-1' data-slideshow-options=\"{&quot;animation&quot;:&quot;slide&quot;,&quot;autoplay&quot;:false,&quot;loop_autoplay&quot;:&quot;once&quot;,&quot;interval&quot;:5,&quot;loop_manual&quot;:&quot;manual-endless&quot;,&quot;autoplay_stopper&quot;:false,&quot;noNavigation&quot;:false,&quot;bg_slider&quot;:false,&quot;keep_padding&quot;:false,&quot;hoverpause&quot;:false,&quot;show_slide_delay&quot;:0}\"  itemprop=\"image\" itemscope=\"itemscope\" itemtype=\"https:\/\/schema.org\/ImageObject\" ><ul class='avia-slideshow-inner ' style='padding-bottom: 15.873015873016%;'><li  class='avia-slideshow-slide av-jpdyirhb-17c1469218998f7e94cdc262126b2f81__0  av-single-slide slide-1 slide-odd'><div data-rel='slideshow-1' class='avia-slide-wrap '   ><img decoding=\"async\" fetchpriority=\"high\" class=\"wp-image-95482 avia-img-lazy-loading-not-95482\"  src=\"https:\/\/www.museudebadalona.cat\/wp-content\/uploads\/Sin-titulo-2-4.jpg\" width=\"1260\" height=\"200\" title='Sin t\u00edtulo-2' alt=''  itemprop=\"thumbnailUrl\" srcset=\"https:\/\/www.museudebadalona.cat\/wp-content\/uploads\/Sin-titulo-2-4.jpg 1260w, https:\/\/www.museudebadalona.cat\/wp-content\/uploads\/Sin-titulo-2-4-400x63.jpg 400w, https:\/\/www.museudebadalona.cat\/wp-content\/uploads\/Sin-titulo-2-4-1030x163.jpg 1030w, https:\/\/www.museudebadalona.cat\/wp-content\/uploads\/Sin-titulo-2-4-768x122.jpg 768w, https:\/\/www.museudebadalona.cat\/wp-content\/uploads\/Sin-titulo-2-4-705x112.jpg 705w, https:\/\/www.museudebadalona.cat\/wp-content\/uploads\/Sin-titulo-2-4-450x71.jpg 450w, https:\/\/www.museudebadalona.cat\/wp-content\/uploads\/Sin-titulo-2-4-600x95.jpg 600w\" sizes=\"(max-width: 1260px) 100vw, 1260px\" \/><\/div><\/li><\/ul><\/div><\/div><div id='after_full_slider_1'  class='main_color av_default_container_wrap container_wrap sidebar_right'  ><div class='container av-section-cont-open' ><div class='template-page content  av-content-small alpha units'><div class='post-entry post-entry-type-page post-entry-95465'><div class='entry-content-wrapper clearfix'>\n\n<style type=\"text\/css\" data-created_by=\"avia_inline_auto\" id=\"style-css-av-1wd1o4d-17453971cc7eeb07ef8d630da901b1b3\">\n.flex_column.av-1wd1o4d-17453971cc7eeb07ef8d630da901b1b3{\nborder-radius:0px 0px 0px 0px;\npadding:0px 0px 0px 0px;\n}\n<\/style>\n<div  class='flex_column av-1wd1o4d-17453971cc7eeb07ef8d630da901b1b3 av_one_full  avia-builder-el-1  el_after_av_slideshow_full  el_before_av_one_half  avia-builder-el-first  first flex_column_div av-zero-column-padding  '     ><p>\n<style type=\"text\/css\" data-created_by=\"avia_inline_auto\" id=\"style-css-av-tk014t-1e2f2b466cc9998c740ad4e852d85a35\">\n#top .av-special-heading.av-tk014t-1e2f2b466cc9998c740ad4e852d85a35{\npadding-bottom:10px;\n}\nbody .av-special-heading.av-tk014t-1e2f2b466cc9998c740ad4e852d85a35 .av-special-heading-tag .heading-char{\nfont-size:25px;\n}\n.av-special-heading.av-tk014t-1e2f2b466cc9998c740ad4e852d85a35 .av-subheading{\nfont-size:15px;\n}\n<\/style>\n<div  class='av-special-heading av-tk014t-1e2f2b466cc9998c740ad4e852d85a35 av-special-heading-h2 blockquote modern-quote  avia-builder-el-2  el_before_av_textblock  avia-builder-el-first  av-linked-heading'><h2 class='av-special-heading-tag '  itemprop=\"headline\"  >Visitas al patrimonio no musealizado<\/h2><div class=\"special-heading-border\"><div class=\"special-heading-inner-border\"><\/div><\/div><\/div><br \/>\n<section  class='av_textblock_section av-l1nqjzdg-6a81433ca42ad92b94b59f947c068e3f '   itemscope=\"itemscope\" itemtype=\"https:\/\/schema.org\/CreativeWork\" ><div class='avia_textblock'  itemprop=\"text\" ><p>Durante el festival, se podr\u00e1n ver algunos restos de \u00e9poca romana, sin museizar, que habitualmente no est\u00e1n abiertos al p\u00fablico. Este a\u00f1o se podr\u00e1 visitar el mosaico de la Torre Vella y los restos de un edificio relacionado con el teatro de <em>Baetulo<\/em>.<\/p>\n<p><strong>La entrada a estos espacios es gratuita.<\/strong><\/p>\n<p>Se ofrecer\u00e1n, tambi\u00e9n, visitas guiadas a estos espacios. Unos peque\u00f1os itinerarios que permitir\u00e1n tanto conocer estos restos como tener una visi\u00f3n global de la ciudad romana de <em>Baetulo<\/em>.<\/p>\n<p>Los horarios de las visitas ser\u00e1n el s\u00e1bado 25 de abril a las 11:30h, 12h, 12.30h, 17:30h, 18h y 18.30h. Y el domingo 26 de abril a las 11:30h, 12h y 12.30h.<\/p>\n<p>Plazas limitadas.<\/p>\n<p><strong>Adquisici\u00f3n de entradas en la recepci\u00f3n del Museo 30 min. antes del inicio de la actividad. Precio: 2 \u20ac<\/strong><\/p>\n<\/div><\/section><\/p><\/div>\n\n<style type=\"text\/css\" data-created_by=\"avia_inline_auto\" id=\"style-css-av-12gwo71-e0f5ffc83b84875de7a8ee8fd7d53ecc\">\n.flex_column.av-12gwo71-e0f5ffc83b84875de7a8ee8fd7d53ecc{\nborder-radius:0px 0px 0px 0px;\npadding:0px 0px 0px 0px;\n}\n<\/style>\n<div  class='flex_column av-12gwo71-e0f5ffc83b84875de7a8ee8fd7d53ecc av_one_half  avia-builder-el-4  el_after_av_one_full  el_before_av_one_half  first flex_column_div av-zero-column-padding  column-top-margin'     ><article  class='iconbox iconbox_top av-l1nql4s8-5f74dd1197ff0bd2c10d8e4f464e66ea  avia-builder-el-5  avia-builder-el-no-sibling  main_color'  itemscope=\"itemscope\" itemtype=\"https:\/\/schema.org\/CreativeWork\" ><div class=\"iconbox_content\"><header class=\"entry-content-header\" aria-label=\"Icon: Horario mosaico de la Torre Vella\"><div class=\"iconbox_icon heading-color\" aria-hidden='true' data-av_icon='\ue862' data-av_iconfont='entypo-fontello'><\/div><h3 class='iconbox_content_title '  itemprop=\"headline\" >Horario mosaico de la Torre Vella<\/h3><\/header><div class='iconbox_content_container '  itemprop=\"text\" ><p>S\u00e1bado de 10 a 14 h y de 17 a 20 h<br \/>\nDomingo de 10 a 14 h<\/p>\n<\/div><\/div><footer class=\"entry-footer\"><\/footer><\/article><\/div>\n\n<style type=\"text\/css\" data-created_by=\"avia_inline_auto\" id=\"style-css-av-iwvlct-04273eb95f159d61b57b051c20c6a7a9\">\n.flex_column.av-iwvlct-04273eb95f159d61b57b051c20c6a7a9{\nborder-radius:0px 0px 0px 0px;\npadding:0px 0px 0px 0px;\n}\n<\/style>\n<div  class='flex_column av-iwvlct-04273eb95f159d61b57b051c20c6a7a9 av_one_half  avia-builder-el-6  el_after_av_one_half  el_before_av_masonry_gallery  avia-builder-el-last  flex_column_div av-zero-column-padding  column-top-margin'     ><article  class='iconbox iconbox_top av-l1nqllea-fa1a3bd8bfb68eb5a36eda1b42c1d914  avia-builder-el-7  avia-builder-el-no-sibling  main_color'  itemscope=\"itemscope\" itemtype=\"https:\/\/schema.org\/CreativeWork\" ><div class=\"iconbox_content\"><header class=\"entry-content-header\" aria-label=\"Icon: Horario espacio pla\u00e7a Constituci\u00f3\"><div class=\"iconbox_icon heading-color\" aria-hidden='true' data-av_icon='\ue862' data-av_iconfont='entypo-fontello'><\/div><h3 class='iconbox_content_title '  itemprop=\"headline\" >Horario espacio pla\u00e7a Constituci\u00f3<\/h3><\/header><div class='iconbox_content_container '  itemprop=\"text\" ><p>S\u00e1bado de 10 a 14 h y de 17 a 20 h<br \/>\nDomingo de 10 a 14 h<\/p>\n<\/div><\/div><footer class=\"entry-footer\"><\/footer><\/article><\/div>\n<div id='av-masonry-1' class='av-masonry av-m8rh9tnn-c1cc08703c3e6e76e811eb414b9e7d3a noHover av-fixed-size av-large-gap av-hover-overlay- av-masonry-animation-active av-masonry-col-3 av-caption-always av-caption-style- av-masonry-gallery ' data-post_id=\"95465\"><div class=\"av-masonry-container isotope av-js-disabled\"><div class='av-masonry-entry isotope-item av-masonry-item-no-image '><\/div><a href=\"https:\/\/www.museudebadalona.cat\/wp-content\/uploads\/torre-vella-Magna-Celebratio-2022-05-1030x773.jpg\" data-srcset=\"https:\/\/www.museudebadalona.cat\/wp-content\/uploads\/torre-vella-Magna-Celebratio-2022-05-1030x773.jpg 1030w, https:\/\/www.museudebadalona.cat\/wp-content\/uploads\/torre-vella-Magna-Celebratio-2022-05-400x300.jpg 400w, https:\/\/www.museudebadalona.cat\/wp-content\/uploads\/torre-vella-Magna-Celebratio-2022-05-768x576.jpg 768w, https:\/\/www.museudebadalona.cat\/wp-content\/uploads\/torre-vella-Magna-Celebratio-2022-05-705x529.jpg 705w, https:\/\/www.museudebadalona.cat\/wp-content\/uploads\/torre-vella-Magna-Celebratio-2022-05-450x338.jpg 450w, https:\/\/www.museudebadalona.cat\/wp-content\/uploads\/torre-vella-Magna-Celebratio-2022-05-600x450.jpg 600w, https:\/\/www.museudebadalona.cat\/wp-content\/uploads\/torre-vella-Magna-Celebratio-2022-05.jpg 1500w\" data-sizes=\"(max-width: 1030px) 100vw, 1030px\"  aria-label=\"image oppo_32\"  id='av-masonry-1-item-86602' data-av-masonry-item='86602' class='av-masonry-entry isotope-item post-86602 attachment type-attachment status-inherit hentry  av-masonry-item-with-image' title=\"oppo_32\" alt=\"\"    itemprop=\"thumbnailUrl\" ><div class='av-inner-masonry-sizer'><\/div><figure class='av-inner-masonry main_color'><div class=\"av-masonry-outerimage-container\"><div class='av-masonry-image-container' style=\"background-image: url(https:\/\/www.museudebadalona.cat\/wp-content\/uploads\/torre-vella-Magna-Celebratio-2022-05-705x529.jpg);\"  title=\"oppo_32\" ><\/div><\/div><\/figure><\/a><!--end av-masonry entry--><a href=\"https:\/\/www.museudebadalona.cat\/wp-content\/uploads\/magna-2023-espais-patrimonials-08-1030x773.jpg\" data-srcset=\"https:\/\/www.museudebadalona.cat\/wp-content\/uploads\/magna-2023-espais-patrimonials-08-1030x773.jpg 1030w, https:\/\/www.museudebadalona.cat\/wp-content\/uploads\/magna-2023-espais-patrimonials-08-400x300.jpg 400w, https:\/\/www.museudebadalona.cat\/wp-content\/uploads\/magna-2023-espais-patrimonials-08-768x576.jpg 768w, https:\/\/www.museudebadalona.cat\/wp-content\/uploads\/magna-2023-espais-patrimonials-08-1536x1152.jpg 1536w, https:\/\/www.museudebadalona.cat\/wp-content\/uploads\/magna-2023-espais-patrimonials-08-2048x1536.jpg 2048w, https:\/\/www.museudebadalona.cat\/wp-content\/uploads\/magna-2023-espais-patrimonials-08-1500x1125.jpg 1500w, https:\/\/www.museudebadalona.cat\/wp-content\/uploads\/magna-2023-espais-patrimonials-08-705x529.jpg 705w, https:\/\/www.museudebadalona.cat\/wp-content\/uploads\/magna-2023-espais-patrimonials-08-450x338.jpg 450w, https:\/\/www.museudebadalona.cat\/wp-content\/uploads\/magna-2023-espais-patrimonials-08-600x450.jpg 600w\" data-sizes=\"(max-width: 1030px) 100vw, 1030px\"  aria-label=\"image magna 2023 espais patrimonials 08\"  id='av-masonry-1-item-86605' data-av-masonry-item='86605' class='av-masonry-entry isotope-item post-86605 attachment type-attachment status-inherit hentry  av-masonry-item-with-image' title=\"magna 2023 espais patrimonials 08\" alt=\"\"    itemprop=\"thumbnailUrl\" ><div class='av-inner-masonry-sizer'><\/div><figure class='av-inner-masonry main_color'><div class=\"av-masonry-outerimage-container\"><div class='av-masonry-image-container' style=\"background-image: url(https:\/\/www.museudebadalona.cat\/wp-content\/uploads\/magna-2023-espais-patrimonials-08-705x529.jpg);\"  title=\"magna 2023 espais patrimonials 08\" ><\/div><\/div><\/figure><\/a><!--end av-masonry entry--><a href=\"https:\/\/www.museudebadalona.cat\/wp-content\/uploads\/magna-2023-espais-patrimonials-01-1030x773.jpg\" data-srcset=\"https:\/\/www.museudebadalona.cat\/wp-content\/uploads\/magna-2023-espais-patrimonials-01-1030x773.jpg 1030w, https:\/\/www.museudebadalona.cat\/wp-content\/uploads\/magna-2023-espais-patrimonials-01-400x300.jpg 400w, https:\/\/www.museudebadalona.cat\/wp-content\/uploads\/magna-2023-espais-patrimonials-01-768x576.jpg 768w, https:\/\/www.museudebadalona.cat\/wp-content\/uploads\/magna-2023-espais-patrimonials-01-1536x1152.jpg 1536w, https:\/\/www.museudebadalona.cat\/wp-content\/uploads\/magna-2023-espais-patrimonials-01-2048x1536.jpg 2048w, https:\/\/www.museudebadalona.cat\/wp-content\/uploads\/magna-2023-espais-patrimonials-01-1500x1125.jpg 1500w, https:\/\/www.museudebadalona.cat\/wp-content\/uploads\/magna-2023-espais-patrimonials-01-705x529.jpg 705w, https:\/\/www.museudebadalona.cat\/wp-content\/uploads\/magna-2023-espais-patrimonials-01-450x338.jpg 450w, https:\/\/www.museudebadalona.cat\/wp-content\/uploads\/magna-2023-espais-patrimonials-01-600x450.jpg 600w\" data-sizes=\"(max-width: 1030px) 100vw, 1030px\"  aria-label=\"image magna 2023 espais patrimonials 01\"  id='av-masonry-1-item-86599' data-av-masonry-item='86599' class='av-masonry-entry isotope-item post-86599 attachment type-attachment status-inherit hentry  av-masonry-item-with-image' title=\"magna 2023 espais patrimonials 01\" alt=\"\"    itemprop=\"thumbnailUrl\" ><div class='av-inner-masonry-sizer'><\/div><figure class='av-inner-masonry main_color'><div class=\"av-masonry-outerimage-container\"><div class='av-masonry-image-container' style=\"background-image: url(https:\/\/www.museudebadalona.cat\/wp-content\/uploads\/magna-2023-espais-patrimonials-01-705x529.jpg);\"  title=\"magna 2023 espais patrimonials 01\" ><\/div><\/div><\/figure><\/a><!--end av-masonry entry--><a href=\"https:\/\/www.museudebadalona.cat\/wp-content\/uploads\/IMG20250426180729-1030x773.jpg\" data-srcset=\"https:\/\/www.museudebadalona.cat\/wp-content\/uploads\/IMG20250426180729-1030x773.jpg 1030w, https:\/\/www.museudebadalona.cat\/wp-content\/uploads\/IMG20250426180729-400x300.jpg 400w, https:\/\/www.museudebadalona.cat\/wp-content\/uploads\/IMG20250426180729-768x576.jpg 768w, https:\/\/www.museudebadalona.cat\/wp-content\/uploads\/IMG20250426180729-1536x1152.jpg 1536w, https:\/\/www.museudebadalona.cat\/wp-content\/uploads\/IMG20250426180729-2048x1536.jpg 2048w, https:\/\/www.museudebadalona.cat\/wp-content\/uploads\/IMG20250426180729-1500x1125.jpg 1500w, https:\/\/www.museudebadalona.cat\/wp-content\/uploads\/IMG20250426180729-705x529.jpg 705w, https:\/\/www.museudebadalona.cat\/wp-content\/uploads\/IMG20250426180729-450x338.jpg 450w, https:\/\/www.museudebadalona.cat\/wp-content\/uploads\/IMG20250426180729-600x450.jpg 600w\" data-sizes=\"(max-width: 1030px) 100vw, 1030px\"  aria-label=\"image IMG20250426180729\"  id='av-masonry-1-item-95479' data-av-masonry-item='95479' class='av-masonry-entry isotope-item post-95479 attachment type-attachment status-inherit hentry  av-masonry-item-with-image' title=\"IMG20250426180729\" alt=\"\"    itemprop=\"thumbnailUrl\" ><div class='av-inner-masonry-sizer'><\/div><figure class='av-inner-masonry main_color'><div class=\"av-masonry-outerimage-container\"><div class='av-masonry-image-container' style=\"background-image: url(https:\/\/www.museudebadalona.cat\/wp-content\/uploads\/IMG20250426180729-705x529.jpg);\"  title=\"IMG20250426180729\" ><\/div><\/div><\/figure><\/a><!--end av-masonry entry--><a href=\"https:\/\/www.museudebadalona.cat\/wp-content\/uploads\/IMG20250426123643-1030x773.jpg\" data-srcset=\"https:\/\/www.museudebadalona.cat\/wp-content\/uploads\/IMG20250426123643-1030x773.jpg 1030w, https:\/\/www.museudebadalona.cat\/wp-content\/uploads\/IMG20250426123643-400x300.jpg 400w, https:\/\/www.museudebadalona.cat\/wp-content\/uploads\/IMG20250426123643-768x576.jpg 768w, https:\/\/www.museudebadalona.cat\/wp-content\/uploads\/IMG20250426123643-1536x1152.jpg 1536w, https:\/\/www.museudebadalona.cat\/wp-content\/uploads\/IMG20250426123643-2048x1536.jpg 2048w, https:\/\/www.museudebadalona.cat\/wp-content\/uploads\/IMG20250426123643-1500x1125.jpg 1500w, https:\/\/www.museudebadalona.cat\/wp-content\/uploads\/IMG20250426123643-705x529.jpg 705w, https:\/\/www.museudebadalona.cat\/wp-content\/uploads\/IMG20250426123643-450x338.jpg 450w, https:\/\/www.museudebadalona.cat\/wp-content\/uploads\/IMG20250426123643-600x450.jpg 600w\" data-sizes=\"(max-width: 1030px) 100vw, 1030px\"  aria-label=\"image IMG20250426123643\"  id='av-masonry-1-item-95476' data-av-masonry-item='95476' class='av-masonry-entry isotope-item post-95476 attachment type-attachment status-inherit hentry  av-masonry-item-with-image' title=\"IMG20250426123643\" alt=\"\"    itemprop=\"thumbnailUrl\" ><div class='av-inner-masonry-sizer'><\/div><figure class='av-inner-masonry main_color'><div class=\"av-masonry-outerimage-container\"><div class='av-masonry-image-container' style=\"background-image: url(https:\/\/www.museudebadalona.cat\/wp-content\/uploads\/IMG20250426123643-705x529.jpg);\"  title=\"IMG20250426123643\" ><\/div><\/div><\/figure><\/a><!--end av-masonry entry--><a href=\"https:\/\/www.museudebadalona.cat\/wp-content\/uploads\/IMG20250426123537-1030x773.jpg\" data-srcset=\"https:\/\/www.museudebadalona.cat\/wp-content\/uploads\/IMG20250426123537-1030x773.jpg 1030w, https:\/\/www.museudebadalona.cat\/wp-content\/uploads\/IMG20250426123537-400x300.jpg 400w, https:\/\/www.museudebadalona.cat\/wp-content\/uploads\/IMG20250426123537-768x576.jpg 768w, https:\/\/www.museudebadalona.cat\/wp-content\/uploads\/IMG20250426123537-1536x1152.jpg 1536w, https:\/\/www.museudebadalona.cat\/wp-content\/uploads\/IMG20250426123537-2048x1536.jpg 2048w, https:\/\/www.museudebadalona.cat\/wp-content\/uploads\/IMG20250426123537-1500x1125.jpg 1500w, https:\/\/www.museudebadalona.cat\/wp-content\/uploads\/IMG20250426123537-705x529.jpg 705w, https:\/\/www.museudebadalona.cat\/wp-content\/uploads\/IMG20250426123537-450x338.jpg 450w, https:\/\/www.museudebadalona.cat\/wp-content\/uploads\/IMG20250426123537-600x450.jpg 600w\" data-sizes=\"(max-width: 1030px) 100vw, 1030px\"  aria-label=\"image IMG20250426123537\"  id='av-masonry-1-item-95473' data-av-masonry-item='95473' class='av-masonry-entry isotope-item post-95473 attachment type-attachment status-inherit hentry  av-masonry-item-with-image' title=\"IMG20250426123537\" alt=\"\"    itemprop=\"thumbnailUrl\" ><div class='av-inner-masonry-sizer'><\/div><figure class='av-inner-masonry main_color'><div class=\"av-masonry-outerimage-container\"><div class='av-masonry-image-container' style=\"background-image: url(https:\/\/www.museudebadalona.cat\/wp-content\/uploads\/IMG20250426123537-705x529.jpg);\"  title=\"IMG20250426123537\" ><\/div><\/div><\/figure><\/a><!--end av-masonry entry--><\/div><\/div>\n\n<style type=\"text\/css\" data-created_by=\"avia_inline_auto\" id=\"style-css-av-261wvb-5-aa67ee9a3727effcbf95b60eaf734347\">\n.flex_column.av-261wvb-5-aa67ee9a3727effcbf95b60eaf734347{\nborder-radius:0px 0px 0px 0px;\npadding:0px 0px 0px 0px;\n}\n<\/style>\n<div  class='flex_column av-261wvb-5-aa67ee9a3727effcbf95b60eaf734347 av_one_full  avia-builder-el-9  el_after_av_masonry_gallery  avia-builder-el-no-sibling  first flex_column_div av-zero-column-padding  '     ><section  class='av_textblock_section av-236sof-4-f0aabca7f327b864a60cefa71931eba4 '   itemscope=\"itemscope\" itemtype=\"https:\/\/schema.org\/CreativeWork\" ><div class='avia_textblock'  itemprop=\"text\" ><h4>El acceso a los diferentes espacios se realizar\u00e1 de forma progresiva, en funci\u00f3n de la capacidad de aforo. No se realizan reservas.<\/h4>\n<\/div><\/section><br \/>\n\n<style type=\"text\/css\" data-created_by=\"avia_inline_auto\" id=\"style-css-av-juabcgdy-ada0f922f06efab60b8b7d34ef45fad7\">\n#top .hr.hr-invisible.av-juabcgdy-ada0f922f06efab60b8b7d34ef45fad7{\nheight:30px;\n}\n<\/style>\n<div  class='hr av-juabcgdy-ada0f922f06efab60b8b7d34ef45fad7 hr-invisible  avia-builder-el-11  el_after_av_textblock  el_before_av_hr '><span class='hr-inner '><span class=\"hr-inner-style\"><\/span><\/span><\/div><br \/>\n\n<style type=\"text\/css\" data-created_by=\"avia_inline_auto\" id=\"style-css-av-juabcgdy-1-e9a4e8cf328ce8e668d46daaf15d1536\">\n#top .hr.hr-invisible.av-juabcgdy-1-e9a4e8cf328ce8e668d46daaf15d1536{\nheight:30px;\n}\n<\/style>\n<div  class='hr av-juabcgdy-1-e9a4e8cf328ce8e668d46daaf15d1536 hr-invisible  avia-builder-el-12  el_after_av_hr  avia-builder-el-last '><span class='hr-inner '><span class=\"hr-inner-style\"><\/span><\/span><\/div><\/p><\/div>\n","protected":false},"excerpt":{"rendered":"","protected":false},"author":5,"featured_media":0,"parent":0,"menu_order":0,"comment_status":"closed","ping_status":"closed","template":"","meta":{"_acf_changed":false,"_price":"","_stock":"","_tribe_ticket_header":"","_tribe_default_ticket_provider":"Tribe__Tickets_Plus__Commerce__WooCommerce__Main","_tribe_ticket_capacity":"0","_ticket_start_date":"","_ticket_end_date":"","_tribe_ticket_show_description":"","_tribe_ticket_show_not_going":false,"_tribe_ticket_use_global_stock":"","_tribe_ticket_global_stock_level":"","_global_stock_mode":"","_global_stock_cap":"","_tribe_rsvp_for_event":"","_tribe_ticket_going_count":"","_tribe_ticket_not_going_count":"","_tribe_tickets_list":"[]","_tribe_ticket_has_attendee_info_fields":false,"footnotes":""},"class_list":["post-95465","page","type-page","status-publish","hentry"],"acf":[],"ticketed":false,"_links":{"self":[{"href":"https:\/\/www.museudebadalona.cat\/es\/wp-json\/wp\/v2\/pages\/95465"}],"collection":[{"href":"https:\/\/www.museudebadalona.cat\/es\/wp-json\/wp\/v2\/pages"}],"about":[{"href":"https:\/\/www.museudebadalona.cat\/es\/wp-json\/wp\/v2\/types\/page"}],"author":[{"embeddable":true,"href":"https:\/\/www.museudebadalona.cat\/es\/wp-json\/wp\/v2\/users\/5"}],"replies":[{"embeddable":true,"href":"https:\/\/www.museudebadalona.cat\/es\/wp-json\/wp\/v2\/comments?post=95465"}],"version-history":[{"count":7,"href":"https:\/\/www.museudebadalona.cat\/es\/wp-json\/wp\/v2\/pages\/95465\/revisions"}],"predecessor-version":[{"id":95763,"href":"https:\/\/www.museudebadalona.cat\/es\/wp-json\/wp\/v2\/pages\/95465\/revisions\/95763"}],"wp:attachment":[{"href":"https:\/\/www.museudebadalona.cat\/es\/wp-json\/wp\/v2\/media?parent=95465"}],"curies":[{"name":"wp","href":"https:\/\/api.w.org\/{rel}","templated":true}]}}