{"id":9273,"date":"2018-12-07T17:09:12","date_gmt":"2018-12-07T15:09:12","guid":{"rendered":"http:\/\/museu.topimatge.com\/visites-guiades\/"},"modified":"2019-03-18T16:09:11","modified_gmt":"2019-03-18T15:09:11","slug":"visitas-guiadas","status":"publish","type":"page","link":"https:\/\/www.museudebadalona.cat\/es\/visitas-guiadas\/","title":{"rendered":"Visitas guiadas"},"content":{"rendered":"<div id='full_slider_1'  class='avia-fullwidth-slider main_color avia-shadow   avia-builder-el-0  el_before_av_one_full  avia-builder-el-first   container_wrap sidebar_right'  ><div  class='avia-slideshow av-hqw8o-87a1f8a5b5b5c40e54c2c629c8d20c02 avia-slideshow-featured av_slideshow_full avia-slide-slider av-slideshow-ui av-control-default av-slideshow-manual av-loop-once av-loop-manual-endless av-default-height-applied   avia-slideshow-1' data-slideshow-options=\"{&quot;animation&quot;:&quot;slide&quot;,&quot;autoplay&quot;:false,&quot;loop_autoplay&quot;:&quot;once&quot;,&quot;interval&quot;:5,&quot;loop_manual&quot;:&quot;manual-endless&quot;,&quot;autoplay_stopper&quot;:false,&quot;noNavigation&quot;:false,&quot;bg_slider&quot;:false,&quot;keep_padding&quot;:false,&quot;hoverpause&quot;:false,&quot;show_slide_delay&quot;:0}\"  itemprop=\"image\" itemscope=\"itemscope\" itemtype=\"https:\/\/schema.org\/ImageObject\" ><ul class='avia-slideshow-inner ' style='padding-bottom: 17.96875%;'><li  class='avia-slideshow-slide av-hqw8o-87a1f8a5b5b5c40e54c2c629c8d20c02__0  av-single-slide slide-1 slide-odd'><div data-rel='slideshow-1' class='avia-slide-wrap '   ><img decoding=\"async\" fetchpriority=\"high\" class=\"wp-image-5223 avia-img-lazy-loading-not-5223\"  src=\"https:\/\/www.museudebadalona.cat\/wp-content\/uploads\/foto_visitans.jpg\" width=\"1280\" height=\"230\" title='foto_visitans' alt=''  itemprop=\"thumbnailUrl\" srcset=\"https:\/\/www.museudebadalona.cat\/wp-content\/uploads\/foto_visitans.jpg 1280w, https:\/\/www.museudebadalona.cat\/wp-content\/uploads\/foto_visitans-600x108.jpg 600w, https:\/\/www.museudebadalona.cat\/wp-content\/uploads\/foto_visitans-300x54.jpg 300w, https:\/\/www.museudebadalona.cat\/wp-content\/uploads\/foto_visitans-768x138.jpg 768w, https:\/\/www.museudebadalona.cat\/wp-content\/uploads\/foto_visitans-1030x185.jpg 1030w, https:\/\/www.museudebadalona.cat\/wp-content\/uploads\/foto_visitans-705x127.jpg 705w\" sizes=\"(max-width: 1280px) 100vw, 1280px\" \/><\/div><\/li><\/ul><\/div><\/div><div id='after_full_slider_1'  class='main_color av_default_container_wrap container_wrap sidebar_right'  ><div class='container av-section-cont-open' ><div class='template-page content  av-content-small alpha units'><div class='post-entry post-entry-type-page post-entry-9273'><div class='entry-content-wrapper clearfix'>\n\n<style type=\"text\/css\" data-created_by=\"avia_inline_auto\" id=\"style-css-av-99li0-be076f944e1e0c6800462abead4937f2\">\n.flex_column.av-99li0-be076f944e1e0c6800462abead4937f2{\nborder-radius:0px 0px 0px 0px;\npadding:0px 0px 0px 0px;\n}\n<\/style>\n<div  class='flex_column av-99li0-be076f944e1e0c6800462abead4937f2 av_one_full  avia-builder-el-1  el_after_av_slideshow_full  el_before_av_masonry_entries  avia-builder-el-no-sibling  first flex_column_div av-zero-column-padding  '     ><p><section  class='av_textblock_section av-jpe62yx4-3ad0efc39b73830013ebe3674d9bd933 '   itemscope=\"itemscope\" itemtype=\"https:\/\/schema.org\/CreativeWork\" ><div class='avia_textblock'  itemprop=\"text\" ><p>El Museo ofrece un amplio abanico de visitas e itinerarios para dar a conocer el patrimonio arqueol\u00f3gico e hist\u00f3rico de la ciudad de Badalona, desde el poblado ib\u00e9rico del Cerro de en Bosc\u00e0, situado fuera del centro urbano, hasta los edificios m\u00e1s emblem\u00e1ticos del modernismo y la industrializaci\u00f3n, pasando por los restos de la antigua ciudad de\u00a0Baetulo, espacios que nos permiten revivir aspectos cotidianos de la \u00e9poca romana. Algunos espacios se pueden visitar libremente, y en otros casos el museo organiza visitas en grupo de forma peri\u00f3dica.<\/p>\n<p>Desde hace unos a\u00f1os, el Museo posa tambi\u00e9n al servicio de los grupos la posibilidad de experimentar de primera mano la cultura romana con los talleres did\u00e1cticos que permiten a los escolares profundizar en el conocimiento de nuestro pasado com\u00fan.<\/p>\n<p>Para obtener informaci\u00f3n sobre las actividades did\u00e1cticas y los materiales disponibles o bien resolver cualquier duda sobre el contenido de las visitas, pod\u00e9is contactar con: <a href=\"mailto:info@museudebadalona.cat\">info@museudebadalona.cat<\/a><\/p>\n<\/div><\/section><br \/>\n\n<style type=\"text\/css\" data-created_by=\"avia_inline_auto\" id=\"style-css-av-jpeol0rq-db6f3a0d43e20ca74df2bea660128e11\">\n#top .hr.hr-invisible.av-jpeol0rq-db6f3a0d43e20ca74df2bea660128e11{\nheight:20px;\n}\n<\/style>\n<div  class='hr av-jpeol0rq-db6f3a0d43e20ca74df2bea660128e11 hr-invisible  avia-builder-el-3  el_after_av_textblock  avia-builder-el-last '><span class='hr-inner '><span class=\"hr-inner-style\"><\/span><\/span><\/div><\/p><\/div>\n\n<style type=\"text\/css\" data-created_by=\"avia_inline_auto\" id=\"style-css-av-jpeoeq8o-9444129f930e5a1c57d6eb78f2d8f08d\">\n#top .av-masonry.av-jpeoeq8o-9444129f930e5a1c57d6eb78f2d8f08d{\nbackground-color:#ffffff;\n}\n<\/style>\n<div id='av-masonry-1' class='av-masonry av-jpeoeq8o-9444129f930e5a1c57d6eb78f2d8f08d noHover av-fixed-size av-large-gap av-hover-overlay-active av-masonry-animation-active av-masonry-col-flexible av-caption-always av-caption-style-overlay av-masonry-entries ' data-post_id=\"9273\"><div class=\"av-masonry-container isotope av-js-disabled\"><div class='av-masonry-entry isotope-item av-masonry-item-no-image '><\/div><a href=\"https:\/\/www.museudebadalona.cat\/es\/act\/turo-den-bosca\/\"  id='av-masonry-1-item-9419' data-av-masonry-item='9419' class='av-masonry-entry isotope-item post-9419 portfolio type-portfolio status-publish has-post-thumbnail hentry portfolio_entries-visitas-guiadas  av-masonry-item-with-image' title=\"Tur\u00f3 d&#8217;en Bosc\u00e0\"   itemscope=\"itemscope\" itemtype=\"https:\/\/schema.org\/CreativeWork\" ><div class='av-inner-masonry-sizer'><\/div><figure class='av-inner-masonry main_color'><div class=\"av-masonry-outerimage-container\"><div class='av-masonry-image-container' style=\"background-image: url(https:\/\/www.museudebadalona.cat\/wp-content\/uploads\/Turo_3-705x470.jpg);\" ><\/div><\/div><figcaption class='av-inner-masonry-content site-background'><div class='av-inner-masonry-content-pos'><div class='av-inner-masonry-content-pos-content'><div class='avia-arrow'><\/div><h3 class='av-masonry-entry-title entry-title '  itemprop=\"headline\" >Tur\u00f3 d&#8217;en Bosc\u00e0<\/h3><\/div><\/div><\/figcaption><\/figure><\/a><!--end av-masonry entry--><a href=\"https:\/\/www.museudebadalona.cat\/es\/act\/ciutat-romana-de-baetulo\/\"  id='av-masonry-1-item-9415' data-av-masonry-item='9415' class='av-masonry-entry isotope-item post-9415 portfolio type-portfolio status-publish has-post-thumbnail hentry portfolio_entries-visitas-guiadas  av-masonry-item-with-image' title=\"Ciudad romana de Baetulo\"   itemscope=\"itemscope\" itemtype=\"https:\/\/schema.org\/CreativeWork\" ><div class='av-inner-masonry-sizer'><\/div><figure class='av-inner-masonry main_color'><div class=\"av-masonry-outerimage-container\"><div class='av-masonry-image-container' style=\"background-image: url(https:\/\/www.museudebadalona.cat\/wp-content\/uploads\/Sin_222.jpg);\" ><\/div><\/div><figcaption class='av-inner-masonry-content site-background'><div class='av-inner-masonry-content-pos'><div class='av-inner-masonry-content-pos-content'><div class='avia-arrow'><\/div><h3 class='av-masonry-entry-title entry-title '  itemprop=\"headline\" >Ciudad romana de Baetulo<\/h3><\/div><\/div><\/figcaption><\/figure><\/a><!--end av-masonry entry--><a href=\"https:\/\/www.museudebadalona.cat\/es\/act\/dalt-de-la-vila\/\"  id='av-masonry-1-item-9408' data-av-masonry-item='9408' class='av-masonry-entry isotope-item post-9408 portfolio type-portfolio status-publish has-post-thumbnail hentry portfolio_entries-visitas-guiadas  av-masonry-item-with-image' title=\"Dalt de la Vila\"   itemscope=\"itemscope\" itemtype=\"https:\/\/schema.org\/CreativeWork\" ><div class='av-inner-masonry-sizer'><\/div><figure class='av-inner-masonry main_color'><div class=\"av-masonry-outerimage-container\"><div class='av-masonry-image-container' style=\"background-image: url(https:\/\/www.museudebadalona.cat\/wp-content\/uploads\/DSC_1829-705x470.jpg);\" ><\/div><\/div><figcaption class='av-inner-masonry-content site-background'><div class='av-inner-masonry-content-pos'><div class='av-inner-masonry-content-pos-content'><div class='avia-arrow'><\/div><h3 class='av-masonry-entry-title entry-title '  itemprop=\"headline\" >Dalt de la Vila<\/h3><\/div><\/div><\/figcaption><\/figure><\/a><!--end av-masonry entry--><a href=\"https:\/\/www.museudebadalona.cat\/es\/act\/can-miravitges\/\"  id='av-masonry-1-item-9400' data-av-masonry-item='9400' class='av-masonry-entry isotope-item post-9400 portfolio type-portfolio status-publish has-post-thumbnail hentry portfolio_entries-visitas-guiadas  av-masonry-item-with-image' title=\"Can Miravitges\"   itemscope=\"itemscope\" itemtype=\"https:\/\/schema.org\/CreativeWork\" ><div class='av-inner-masonry-sizer'><\/div><figure class='av-inner-masonry main_color'><div class=\"av-masonry-outerimage-container\"><div class='av-masonry-image-container' style=\"background-image: url(https:\/\/www.museudebadalona.cat\/wp-content\/uploads\/can_Miravitges-705x529.jpg);\" ><\/div><\/div><figcaption class='av-inner-masonry-content site-background'><div class='av-inner-masonry-content-pos'><div class='av-inner-masonry-content-pos-content'><div class='avia-arrow'><\/div><h3 class='av-masonry-entry-title entry-title '  itemprop=\"headline\" >Can Miravitges<\/h3><\/div><\/div><\/figcaption><\/figure><\/a><!--end av-masonry entry--><a href=\"https:\/\/www.museudebadalona.cat\/es\/act\/modernisme-i-industrialitzacio\/\"  id='av-masonry-1-item-9386' data-av-masonry-item='9386' class='av-masonry-entry isotope-item post-9386 portfolio type-portfolio status-publish has-post-thumbnail hentry portfolio_entries-visitas-guiadas  av-masonry-item-with-image' title=\"Modernismo e Industrializaci\u00f3n\"   itemscope=\"itemscope\" itemtype=\"https:\/\/schema.org\/CreativeWork\" ><div class='av-inner-masonry-sizer'><\/div><figure class='av-inner-masonry main_color'><div class=\"av-masonry-outerimage-container\"><div class='av-masonry-image-container' style=\"background-image: url(https:\/\/www.museudebadalona.cat\/wp-content\/uploads\/DSC_1130-705x470.jpg);\" ><\/div><\/div><figcaption class='av-inner-masonry-content site-background'><div class='av-inner-masonry-content-pos'><div class='av-inner-masonry-content-pos-content'><div class='avia-arrow'><\/div><h3 class='av-masonry-entry-title entry-title '  itemprop=\"headline\" >Modernismo e Industrializaci\u00f3n<\/h3><\/div><\/div><\/figcaption><\/figure><\/a><!--end av-masonry entry--><a href=\"https:\/\/www.museudebadalona.cat\/es\/act\/anis-del-mono\/\"  id='av-masonry-1-item-9379' data-av-masonry-item='9379' class='av-masonry-entry isotope-item post-9379 portfolio type-portfolio status-publish has-post-thumbnail hentry portfolio_entries-visitas-guiadas  av-masonry-item-with-image' title=\"An\u00eds del Mono\"   itemscope=\"itemscope\" itemtype=\"https:\/\/schema.org\/CreativeWork\" ><div class='av-inner-masonry-sizer'><\/div><figure class='av-inner-masonry main_color'><div class=\"av-masonry-outerimage-container\"><div class='av-masonry-image-container' style=\"background-image: url(https:\/\/www.museudebadalona.cat\/wp-content\/uploads\/annnnii4-705x517.jpg);\" ><\/div><\/div><figcaption class='av-inner-masonry-content site-background'><div class='av-inner-masonry-content-pos'><div class='av-inner-masonry-content-pos-content'><div class='avia-arrow'><\/div><h3 class='av-masonry-entry-title entry-title '  itemprop=\"headline\" >An\u00eds del Mono<\/h3><\/div><\/div><\/figcaption><\/figure><\/a><!--end av-masonry entry--><a href=\"https:\/\/www.museudebadalona.cat\/es\/act\/cementiri-de-sant-crist\/\"  id='av-masonry-1-item-9352' data-av-masonry-item='9352' class='av-masonry-entry isotope-item post-9352 portfolio type-portfolio status-publish has-post-thumbnail hentry portfolio_entries-visitas-guiadas  av-masonry-item-with-image' title=\"Cementerio de Sant Crist\"   itemscope=\"itemscope\" itemtype=\"https:\/\/schema.org\/CreativeWork\" ><div class='av-inner-masonry-sizer'><\/div><figure class='av-inner-masonry main_color'><div class=\"av-masonry-outerimage-container\"><div class='av-masonry-image-container' style=\"background-image: url(https:\/\/www.museudebadalona.cat\/wp-content\/uploads\/CEMENTIRI_III.jpg);\" ><\/div><\/div><figcaption class='av-inner-masonry-content site-background'><div class='av-inner-masonry-content-pos'><div class='av-inner-masonry-content-pos-content'><div class='avia-arrow'><\/div><h3 class='av-masonry-entry-title entry-title '  itemprop=\"headline\" >Cementerio de Sant Crist<\/h3><\/div><\/div><\/figcaption><\/figure><\/a><!--end av-masonry entry--><a href=\"https:\/\/www.museudebadalona.cat\/es\/act\/la-facana-maritima-i-el-pont-del-petroli\/\"  id='av-masonry-1-item-9365' data-av-masonry-item='9365' class='av-masonry-entry isotope-item post-9365 portfolio type-portfolio status-publish has-post-thumbnail hentry portfolio_entries-visitas-guiadas  av-masonry-item-with-image' title=\"DSC_1357_1\"   itemscope=\"itemscope\" itemtype=\"https:\/\/schema.org\/CreativeWork\" ><div class='av-inner-masonry-sizer'><\/div><figure class='av-inner-masonry main_color'><div class=\"av-masonry-outerimage-container\"><div class='av-masonry-image-container' style=\"background-image: url(https:\/\/www.museudebadalona.cat\/wp-content\/uploads\/DSC_1357_1.jpg);\"  title=\"DSC_1357_1\" ><\/div><\/div><figcaption class='av-inner-masonry-content site-background'><div class='av-inner-masonry-content-pos'><div class='av-inner-masonry-content-pos-content'><div class='avia-arrow'><\/div><h3 class='av-masonry-entry-title entry-title '  itemprop=\"headline\" >La fachada mar\u00edtima y el puente del petr\u00f3leo<\/h3><\/div><\/div><\/figcaption><\/figure><\/a><!--end av-masonry entry--><\/div><\/div>","protected":false},"excerpt":{"rendered":"","protected":false},"author":1,"featured_media":0,"parent":0,"menu_order":0,"comment_status":"closed","ping_status":"closed","template":"","meta":{"_acf_changed":false,"_price":"","_stock":"","_tribe_ticket_header":"","_tribe_default_ticket_provider":"","_tribe_ticket_capacity":"0","_ticket_start_date":"","_ticket_end_date":"","_tribe_ticket_show_description":"","_tribe_ticket_show_not_going":false,"_tribe_ticket_use_global_stock":"","_tribe_ticket_global_stock_level":"","_global_stock_mode":"","_global_stock_cap":"","_tribe_rsvp_for_event":"","_tribe_ticket_going_count":"","_tribe_ticket_not_going_count":"","_tribe_tickets_list":"[]","_tribe_ticket_has_attendee_info_fields":false,"footnotes":""},"class_list":["post-9273","page","type-page","status-publish","hentry"],"acf":[],"ticketed":false,"_links":{"self":[{"href":"https:\/\/www.museudebadalona.cat\/es\/wp-json\/wp\/v2\/pages\/9273"}],"collection":[{"href":"https:\/\/www.museudebadalona.cat\/es\/wp-json\/wp\/v2\/pages"}],"about":[{"href":"https:\/\/www.museudebadalona.cat\/es\/wp-json\/wp\/v2\/types\/page"}],"author":[{"embeddable":true,"href":"https:\/\/www.museudebadalona.cat\/es\/wp-json\/wp\/v2\/users\/1"}],"replies":[{"embeddable":true,"href":"https:\/\/www.museudebadalona.cat\/es\/wp-json\/wp\/v2\/comments?post=9273"}],"version-history":[{"count":3,"href":"https:\/\/www.museudebadalona.cat\/es\/wp-json\/wp\/v2\/pages\/9273\/revisions"}],"predecessor-version":[{"id":9348,"href":"https:\/\/www.museudebadalona.cat\/es\/wp-json\/wp\/v2\/pages\/9273\/revisions\/9348"}],"wp:attachment":[{"href":"https:\/\/www.museudebadalona.cat\/es\/wp-json\/wp\/v2\/media?parent=9273"}],"curies":[{"name":"wp","href":"https:\/\/api.w.org\/{rel}","templated":true}]}}