{"id":71741,"date":"2023-05-09T12:50:57","date_gmt":"2023-05-09T10:50:57","guid":{"rendered":"https:\/\/www.museudebadalona.cat\/?page_id=71741"},"modified":"2023-05-16T10:42:14","modified_gmt":"2023-05-16T08:42:14","slug":"buenas-practicas","status":"publish","type":"page","link":"https:\/\/www.museudebadalona.cat\/es\/buenas-practicas\/","title":{"rendered":"Buenas pr\u00e1cticas"},"content":{"rendered":"\n<style type=\"text\/css\" data-created_by=\"avia_inline_auto\" id=\"style-css-av-tlda98-8af5d78db17dca82ae410cea742c7ad9\">\n#top .av-special-heading.av-tlda98-8af5d78db17dca82ae410cea742c7ad9{\npadding-bottom:10px;\n}\nbody .av-special-heading.av-tlda98-8af5d78db17dca82ae410cea742c7ad9 .av-special-heading-tag .heading-char{\nfont-size:25px;\n}\n.av-special-heading.av-tlda98-8af5d78db17dca82ae410cea742c7ad9 .av-subheading{\nfont-size:15px;\n}\n<\/style>\n<div  class='av-special-heading av-tlda98-8af5d78db17dca82ae410cea742c7ad9 av-special-heading-h1 blockquote modern-quote  avia-builder-el-0  el_before_av_two_third  avia-builder-el-first  av-linked-heading'><h1 class='av-special-heading-tag '  itemprop=\"headline\"  >Buenas pr\u00e1cticas<\/h1><div class=\"special-heading-border\"><div class=\"special-heading-inner-border\"><\/div><\/div><\/div>\n\n<style type=\"text\/css\" data-created_by=\"avia_inline_auto\" id=\"style-css-av-13qxfiv-81225560deda2a5c861187ee380bffbf\">\n.flex_column.av-13qxfiv-81225560deda2a5c861187ee380bffbf{\nborder-radius:0px 0px 0px 0px;\npadding:0px 0px 0px 0px;\n}\n<\/style>\n<div  class='flex_column av-13qxfiv-81225560deda2a5c861187ee380bffbf av_two_third  avia-builder-el-1  el_after_av_heading  el_before_av_one_third  first flex_column_div av-zero-column-padding  '     ><section  class='av_textblock_section av-jtqd02xy-51b7b0a47a0b8692021f7b589bae18ec '   itemscope=\"itemscope\" itemtype=\"https:\/\/schema.org\/CreativeWork\" ><div class='avia_textblock'  itemprop=\"text\" ><p>Deseamos que disfruteis de la visita y os invitamos a compartir la experiencia en vuestras redes sociales con las etiquetas <strong>#MuseuBdn<\/strong> y <strong>#Baetulo<\/strong>.<\/p>\n<p><strong>Entrada<\/strong>. La entrada al Museo de Badalona incluye el acceso al espacio Termas-<em>Decumanus<\/em>, la Casa de los Delfines, la Casa de la Hiedra y el Jard\u00edn de Quint Licini. Guardadla para poder utilizarla en cada uno de estos espacios, cualquier segundo domingo de mes, durante un a\u00f1o.<br \/>\nLas entradas pueden adquirirse hasta 30 minutos antes del cierre del Museo.<\/p>\n<p><strong>Animales.<\/strong> No se puede entrar con animales en el Museo, a menos que sean perros lazarillo.<\/p>\n<p><strong>Fotograf\u00edas y filmaciones<\/strong>. Est\u00e1n permitidas las fotograf\u00edas siempre que se hagan sin flash, y las filmaciones en formato dom\u00e9stico. La autorizaci\u00f3n para tomar fotograf\u00edas o filmar no incluye la imagen de las personas. Es necesario tener el consentimiento expl\u00edcito para tomar fotograf\u00edas o filmar a cualquier persona, especialmente de las personas que realizan las visitas guiadas.<br \/>\nPara prensa, im\u00e1genes de uso comercial y\/u otras necesidades contactar directamente con una de las responsables de comunicaci\u00f3n del Museo: <a href=\"mailto:eespejo@museudebadalona.cat\" target=\"_blank\" rel=\"noopener\">eespejo@museudebadalona.cat<\/a><\/p>\n<p><strong>Tel\u00e9fono m\u00f3vil.<\/strong> Os pedimos que, por respeto a los dem\u00e1s visitantes, pong\u00e1is el tel\u00e9fono m\u00f3vil en silencio y manteng\u00e1is un volumen de voz moderado.<\/p>\n<p><strong>Comida y bebida<\/strong>. No se puede comer ni beber dentro del Museo, incluyendo caramelos y chicles.<\/p>\n<p><strong>Objetos.<\/strong> En los espacios museizados no se pueden llevar objetos punzantes, como paraguas. En caso de que alg\u00fan objeto caiga en el yacimiento, es necesario avisar a la Recepci\u00f3n del Museo para poder recuperarlo.<\/p>\n<p><strong>Comportamiento<\/strong>. Por motivos de seguridad y para evitar molestias al resto de visitantes, no se puede correr ni llamar dentro del Museo. Est\u00e1 prohibido tocar los restos arqueol\u00f3gicos y las piezas expuestas en el espacio de la exposici\u00f3n permanente, as\u00ed como apoyarse en las vitrinas y los atriles que hay a lo largo del recorrido. Est\u00e1 rigurosamente prohibido tambi\u00e9n salir del itinerario de visita y acceder al \u00e1rea de yacimiento arqueol\u00f3gico.<\/p>\n<p><strong>Acompa\u00f1antes de grupos<\/strong>. Los acompa\u00f1antes de los grupos ser\u00e1n responsables del comportamiento de todos los miembros que acompa\u00f1an. Para garantizar la seguridad de los visitantes y evitar malentendidos, no se aceptaran visitas de grupos que no vayan acompa\u00f1ados de personas responsables.<\/p>\n<p><strong>Visitas con menores.<\/strong> Los menores de 14 a\u00f1os deben ir acompa\u00f1ados de un adulto en su visita al Museo.<\/p>\n<p><strong>Visitas en grupo.<\/strong> Todos los grupos interesados en visitar el Museo, tanto con educador interno como con gu\u00eda externo (gu\u00edas oficiales acreditados o profesores\/as), deben concertar anticipadamente la visita llamando de lunes a viernes de 10 a 14 h al tel\u00e9fono 93 464 49 11 o por correo electr\u00f3nico a <a href=\"mailto:eespejo@museudebadalona.cat\" target=\"_blank\" rel=\"noopener\">eespejo@museudebadalona.cat<\/a><br \/>\nEst\u00e1 rigurosamente prohibida la visita de grupos acompa\u00f1ados de gu\u00edas no acreditados por la Generalitat de Catalunya.<\/p>\n<p>El art\u00edculo 65 de la Ley 13\/2002, de 21 de junio, de turismo de Catalu\u00f1a, prev\u00e9 que la actividad de gu\u00eda de turismo es de libre prestaci\u00f3n excepto en el interior de los monumentos declarados bien cultural de inter\u00e9s nacional y de los museos inscritos en el Registro de Museos de Catalu\u00f1a. Para establecerse en Catalu\u00f1a y desarrollar la actividad de gu\u00eda de turismo en los lugares mencionados, es necesario disponer de la habilitaci\u00f3n correspondiente, otorgada o reconocida por la Administraci\u00f3n de la Generalidad. Todas aquellas personas que ejerzan de gu\u00edas dentro del Museo de Badalona sin la correspondiente acreditaci\u00f3n o ser\u00e1n expulsadas y la direcci\u00f3n del organismo se reserva el derecho a denunciarlas a la Direcci\u00f3n General de Turismo para la pertinente sanci\u00f3n.<\/p>\n<p><strong>En caso de que el visitante incumpla estas normas de buen comportamiento, el Museo de Badalona se reserva el derecho de prohibirle el acceso o invitarle a abandonar las instalaciones.<\/strong><\/p>\n<\/div><\/section><\/div>\n<style type=\"text\/css\" data-created_by=\"avia_inline_auto\" id=\"style-css-av-vk5px3-b8bcbfeac7cb178234cc9f383ca00013\">\n.flex_column.av-vk5px3-b8bcbfeac7cb178234cc9f383ca00013{\nborder-radius:0px 0px 0px 0px;\npadding:0px 0px 0px 0px;\n}\n<\/style>\n<div  class='flex_column av-vk5px3-b8bcbfeac7cb178234cc9f383ca00013 av_one_third  avia-builder-el-3  el_after_av_two_third  avia-builder-el-last  flex_column_div av-zero-column-padding  '     ><style type=\"text\/css\" data-created_by=\"avia_inline_auto\" id=\"style-css-av-jtqcwook-af03ba8d2d1f12c4f1af4a073d92d445\">\n.avia-image-container.av-jtqcwook-af03ba8d2d1f12c4f1af4a073d92d445 img.avia_image{\nbox-shadow:none;\n}\n.avia-image-container.av-jtqcwook-af03ba8d2d1f12c4f1af4a073d92d445 .av-image-caption-overlay-center{\ncolor:#ffffff;\n}\n<\/style>\n<div  class='avia-image-container av-jtqcwook-af03ba8d2d1f12c4f1af4a073d92d445 av-styling- avia-align-center  avia-builder-el-4  avia-builder-el-no-sibling '   itemprop=\"image\" itemscope=\"itemscope\" itemtype=\"https:\/\/schema.org\/ImageObject\" ><div class=\"avia-image-container-inner\"><div class=\"avia-image-overlay-wrap\"><img decoding=\"async\" fetchpriority=\"high\" class='wp-image-71749 avia-img-lazy-loading-not-71749 avia_image ' src=\"https:\/\/www.museudebadalona.cat\/wp-content\/uploads\/male-g6e3f6bea7_1280-1030x1030.jpg\" alt='' title='male-g6e3f6bea7_1280'  height=\"1030\" width=\"1030\"  itemprop=\"thumbnailUrl\" srcset=\"https:\/\/www.museudebadalona.cat\/wp-content\/uploads\/male-g6e3f6bea7_1280-1030x1030.jpg 1030w, https:\/\/www.museudebadalona.cat\/wp-content\/uploads\/male-g6e3f6bea7_1280-400x400.jpg 400w, https:\/\/www.museudebadalona.cat\/wp-content\/uploads\/male-g6e3f6bea7_1280-80x80.jpg 80w, https:\/\/www.museudebadalona.cat\/wp-content\/uploads\/male-g6e3f6bea7_1280-768x768.jpg 768w, https:\/\/www.museudebadalona.cat\/wp-content\/uploads\/male-g6e3f6bea7_1280-36x36.jpg 36w, https:\/\/www.museudebadalona.cat\/wp-content\/uploads\/male-g6e3f6bea7_1280-180x180.jpg 180w, https:\/\/www.museudebadalona.cat\/wp-content\/uploads\/male-g6e3f6bea7_1280-705x705.jpg 705w, https:\/\/www.museudebadalona.cat\/wp-content\/uploads\/male-g6e3f6bea7_1280-100x100.jpg 100w, https:\/\/www.museudebadalona.cat\/wp-content\/uploads\/male-g6e3f6bea7_1280-300x300.jpg 300w, https:\/\/www.museudebadalona.cat\/wp-content\/uploads\/male-g6e3f6bea7_1280-600x600.jpg 600w, https:\/\/www.museudebadalona.cat\/wp-content\/uploads\/male-g6e3f6bea7_1280.jpg 1280w\" sizes=\"(max-width: 1030px) 100vw, 1030px\" \/><\/div><\/div><\/div><\/div><\/p>\n","protected":false},"excerpt":{"rendered":"","protected":false},"author":5,"featured_media":0,"parent":0,"menu_order":0,"comment_status":"closed","ping_status":"closed","template":"","meta":{"_acf_changed":false,"_price":"","_stock":"","_tribe_ticket_header":"","_tribe_default_ticket_provider":"Tribe__Tickets_Plus__Commerce__WooCommerce__Main","_tribe_ticket_capacity":"0","_ticket_start_date":"","_ticket_end_date":"","_tribe_ticket_show_description":"","_tribe_ticket_show_not_going":false,"_tribe_ticket_use_global_stock":"","_tribe_ticket_global_stock_level":"","_global_stock_mode":"","_global_stock_cap":"","_tribe_rsvp_for_event":"","_tribe_ticket_going_count":"","_tribe_ticket_not_going_count":"","_tribe_tickets_list":"[]","_tribe_ticket_has_attendee_info_fields":false,"footnotes":""},"class_list":["post-71741","page","type-page","status-publish","hentry"],"acf":[],"ticketed":false,"_links":{"self":[{"href":"https:\/\/www.museudebadalona.cat\/es\/wp-json\/wp\/v2\/pages\/71741"}],"collection":[{"href":"https:\/\/www.museudebadalona.cat\/es\/wp-json\/wp\/v2\/pages"}],"about":[{"href":"https:\/\/www.museudebadalona.cat\/es\/wp-json\/wp\/v2\/types\/page"}],"author":[{"embeddable":true,"href":"https:\/\/www.museudebadalona.cat\/es\/wp-json\/wp\/v2\/users\/5"}],"replies":[{"embeddable":true,"href":"https:\/\/www.museudebadalona.cat\/es\/wp-json\/wp\/v2\/comments?post=71741"}],"version-history":[{"count":4,"href":"https:\/\/www.museudebadalona.cat\/es\/wp-json\/wp\/v2\/pages\/71741\/revisions"}],"predecessor-version":[{"id":71911,"href":"https:\/\/www.museudebadalona.cat\/es\/wp-json\/wp\/v2\/pages\/71741\/revisions\/71911"}],"wp:attachment":[{"href":"https:\/\/www.museudebadalona.cat\/es\/wp-json\/wp\/v2\/media?parent=71741"}],"curies":[{"name":"wp","href":"https:\/\/api.w.org\/{rel}","templated":true}]}}