{"id":58206,"date":"2022-04-07T13:10:10","date_gmt":"2022-04-07T11:10:10","guid":{"rendered":"https:\/\/www.museudebadalona.cat\/?page_id=58206"},"modified":"2026-04-17T13:30:49","modified_gmt":"2026-04-17T11:30:49","slug":"magna-celebratio-2026","status":"publish","type":"page","link":"https:\/\/www.museudebadalona.cat\/es\/magna-celebratio-2026\/","title":{"rendered":"MAGNA CELEBRATIO 2026"},"content":{"rendered":"<div id='full_slider_1'  class='avia-fullwidth-slider main_color avia-shadow   avia-builder-el-0  el_before_av_one_full  avia-builder-el-first   container_wrap sidebar_right'  ><div  class='avia-slideshow av-jpjznnys-dc423c74905889e1c438546f4efeca26 avia-slideshow-no scaling av_slideshow_full avia-slide-slider av-slideshow-ui av-control-default av-slideshow-manual av-loop-once av-loop-manual-endless av-default-height-applied   avia-slideshow-1' data-slideshow-options=\"{&quot;animation&quot;:&quot;slide&quot;,&quot;autoplay&quot;:false,&quot;loop_autoplay&quot;:&quot;once&quot;,&quot;interval&quot;:5,&quot;loop_manual&quot;:&quot;manual-endless&quot;,&quot;autoplay_stopper&quot;:false,&quot;noNavigation&quot;:false,&quot;bg_slider&quot;:false,&quot;keep_padding&quot;:false,&quot;hoverpause&quot;:false,&quot;show_slide_delay&quot;:0}\"  itemprop=\"image\" itemscope=\"itemscope\" itemtype=\"https:\/\/schema.org\/ImageObject\" ><ul class='avia-slideshow-inner ' style='padding-bottom: 42%;'><li  class='avia-slideshow-slide av-jpjznnys-dc423c74905889e1c438546f4efeca26__0  av-single-slide slide-1 slide-odd'><div data-rel='slideshow-1' class='avia-slide-wrap '   ><img decoding=\"async\" fetchpriority=\"high\" class=\"wp-image-95008 avia-img-lazy-loading-not-95008\"  src=\"https:\/\/www.museudebadalona.cat\/wp-content\/uploads\/1500-x-630_MAGNA-2026.jpg\" width=\"1500\" height=\"630\" title='1500 x 630_MAGNA 2026' alt=''  itemprop=\"thumbnailUrl\" srcset=\"https:\/\/www.museudebadalona.cat\/wp-content\/uploads\/1500-x-630_MAGNA-2026.jpg 1500w, https:\/\/www.museudebadalona.cat\/wp-content\/uploads\/1500-x-630_MAGNA-2026-400x168.jpg 400w, https:\/\/www.museudebadalona.cat\/wp-content\/uploads\/1500-x-630_MAGNA-2026-1030x433.jpg 1030w, https:\/\/www.museudebadalona.cat\/wp-content\/uploads\/1500-x-630_MAGNA-2026-768x323.jpg 768w, https:\/\/www.museudebadalona.cat\/wp-content\/uploads\/1500-x-630_MAGNA-2026-705x296.jpg 705w, https:\/\/www.museudebadalona.cat\/wp-content\/uploads\/1500-x-630_MAGNA-2026-450x189.jpg 450w, https:\/\/www.museudebadalona.cat\/wp-content\/uploads\/1500-x-630_MAGNA-2026-600x252.jpg 600w\" sizes=\"(max-width: 1500px) 100vw, 1500px\" \/><div class='av-section-color-overlay' style='opacity: 0.2; '><\/div><\/div><\/li><\/ul><\/div><\/div><div id='after_full_slider_1'  class='main_color av_default_container_wrap container_wrap sidebar_right'  ><div class='container av-section-cont-open' ><div class='template-page content  av-content-small alpha units'><div class='post-entry post-entry-type-page post-entry-58206'><div class='entry-content-wrapper clearfix'>\n\n<style type=\"text\/css\" data-created_by=\"avia_inline_auto\" id=\"style-css-av-e8ap5-fb2fd97193a84f8b56b1f7e100182882\">\n.flex_column.av-e8ap5-fb2fd97193a84f8b56b1f7e100182882{\nborder-radius:0px 0px 0px 0px;\npadding:0px 0px 0px 0px;\n}\n<\/style>\n<div  class='flex_column av-e8ap5-fb2fd97193a84f8b56b1f7e100182882 av_one_full  avia-builder-el-1  el_after_av_slideshow_full  el_before_av_hr  avia-builder-el-first  first flex_column_div av-zero-column-padding  '     ><p>\n<style type=\"text\/css\" data-created_by=\"avia_inline_auto\" id=\"style-css-av-300vf3-96d77caf9433d91ae0b391ce14aca015\">\n#top .av-special-heading.av-300vf3-96d77caf9433d91ae0b391ce14aca015{\npadding-bottom:10px;\n}\nbody .av-special-heading.av-300vf3-96d77caf9433d91ae0b391ce14aca015 .av-special-heading-tag .heading-char{\nfont-size:25px;\n}\n.av-special-heading.av-300vf3-96d77caf9433d91ae0b391ce14aca015 .av-subheading{\nfont-size:15px;\n}\n<\/style>\n<div  class='av-special-heading av-300vf3-96d77caf9433d91ae0b391ce14aca015 av-special-heading-h2 blockquote modern-quote  avia-builder-el-2  el_before_av_textblock  avia-builder-el-first  av-linked-heading'><h2 class='av-special-heading-tag '  itemprop=\"headline\"  >XXI MAGNA CELEBRATIO<\/h2><div class=\"special-heading-border\"><div class=\"special-heading-inner-border\"><\/div><\/div><\/div><br \/>\n<section  class='av_textblock_section av-jpjzqkda-23f50df105c6604cc0d8e70f66668160 '   itemscope=\"itemscope\" itemtype=\"https:\/\/schema.org\/CreativeWork\" ><div class='avia_textblock'  itemprop=\"text\" ><p>\u00a1Llega la XXI <em>Magna Celebratio<\/em>, el festival romano de Badalona!<\/p>\n<p>La <em>Magna Celebratio<\/em>, el festival Romano que organiza el Museo de Badalona llega a su vig\u00e9sima primera edici\u00f3n. Este a\u00f1o dedicaremos parte de la programaci\u00f3n a un sector importante de la poblaci\u00f3n romana que no ten\u00eda derechos ni voz en la sociedad antigua: las personas esclavizadas.<\/p>\n<p>Aprenderemos como una persona, de distintos or\u00edgenes, pod\u00eda ser esclavizada, pero tambi\u00e9n c\u00f3mo pod\u00eda recuperar una cierta libertad. Conoceremos el nombre de algunos de estos personajes que, con el tiempo, llegaron a convertirse en importantes en nuestra ciudad. A\u00fan as\u00ed, para la gran mayor\u00eda, la vida en esclavitud era muy dura y las condiciones, infrahumanas. Conoceremos qu\u00e9 sabemos gracias a la arqueolog\u00eda, sobre todo a partir del estudio de los restos \u00f3seos, y c\u00f3mo era esta condici\u00f3n para las mujeres y los ni\u00f1os, un segmento de la poblaci\u00f3n que ya ten\u00eda\u00a0 menos derechos que los hombres.<\/p>\n<p>\u00c9sta ser\u00e1, pues, una <em>Magna Celebratio<\/em> reivindicativa que nos llevar\u00e1, como cada a\u00f1o, a recordar nuestro pasado romano, a visitar, una vez m\u00e1s, los espacios arqueol\u00f3gicos del Museo y a conocer de cerca la cultura de la sociedad romana con conferencias, talleres, demostraciones y espect\u00e1culos de recreaci\u00f3n hist\u00f3rica que llenar\u00e1n de actividad el entorno del Museo.<\/p>\n<p>\u00a1Os esperamos en <em>Baetulo<\/em>!<\/p>\n<h5>Este festival es posible gracias al Grupo de Reconstrucci\u00f3n Hist\u00f3rica de Badalona. Este a\u00f1o participan tambi\u00e9n: Terrafoc, Brunneis Iumentis, Anna Homs, Balearicus nura mayurga, Barcino Oriens, Magister Fabularum y de Albert Estengre.<\/h5>\n<\/div><\/section><br \/>\n<div  class='av_promobox av-ju9hg1nw-ff912bb51a37085c4199d8c283551e3e avia-button-yes  avia-builder-el-4  el_after_av_textblock  el_before_av_hr '><div class='avia-promocontent'><\/p>\n<h3>Consulta el programa de actividades de la MAGNA CELEBRATIO 2026<\/h3>\n<p>\n<\/div><div  class='avia-button-wrap av-ju9hg1nw-ac0c4321f799c9f90ca8f61cdae4610a-wrap avia-button-right '><a href='' class='avia-button av-ju9hg1nw-ac0c4321f799c9f90ca8f61cdae4610a av-link-btn avia-icon_select-no avia-size-large avia-position-right avia-color-theme-color' target=\"_blank\" rel=\"noopener noreferrer\" aria-label=\"Ver programa\"><span class='avia_iconbox_title' >Ver programa<\/span><\/a><\/div><\/div><br \/>\n\n<style type=\"text\/css\" data-created_by=\"avia_inline_auto\" id=\"style-css-av-1ulqv3-4058fc8e608d64dcc4c780c3888fd7b6\">\n#top .hr.hr-invisible.av-1ulqv3-4058fc8e608d64dcc4c780c3888fd7b6{\nheight:10px;\n}\n<\/style>\n<div  class='hr av-1ulqv3-4058fc8e608d64dcc4c780c3888fd7b6 hr-invisible  avia-builder-el-5  el_after_av_promobox  el_before_av_masonry_gallery  avia-builder-el-last '><span class='hr-inner '><span class=\"hr-inner-style\"><\/span><\/span><\/div><br \/>\n<div id='av-masonry-1' class='av-masonry av-jub5897z-f2b16b1836a025bb79b064f0fb9999a8 noHover av-fixed-size av-large-gap av-hover-overlay-active av-masonry-animation-active av-masonry-col-3 av-caption-always av-caption-style-overlay av-masonry-gallery ' data-post_id=\"58206\"><div class=\"av-masonry-container isotope av-js-disabled\"><div class='av-masonry-entry isotope-item av-masonry-item-no-image '><\/div><a href=\"https:\/\/www.museudebadalona.cat\/es\/esdeveniments\/category\/conferencias-magna-celebratio\/\"  aria-label=\"image Conferencias y presentaciones\"  id='av-masonry-1-item-95226' data-av-masonry-item='95226' class='av-masonry-entry isotope-item post-95226 attachment type-attachment status-inherit hentry  av-masonry-item-with-image' title=\"Conferencias y presentaciones\" alt=\"\"  data-av-masonry-custom-link=\"https:\/\/www.museudebadalona.cat\/es\/esdeveniments\/category\/conferencias-magna-celebratio\/\"  itemprop=\"thumbnailUrl\" ><div class='av-inner-masonry-sizer'><\/div><figure class='av-inner-masonry main_color'><div class=\"av-masonry-outerimage-container\"><div class='av-masonry-image-container' style=\"background-image: url(https:\/\/www.museudebadalona.cat\/wp-content\/uploads\/Esclaus-magna-705x705.jpg);\"  title=\"Conferencias y presentaciones\" ><\/div><\/div><figcaption class='av-inner-masonry-content site-background'><div class='av-inner-masonry-content-pos'><div class='av-inner-masonry-content-pos-content'><div class='avia-arrow'><\/div><h3 class='av-masonry-entry-title entry-title '  itemprop=\"headline\" >Conferencias y presentaciones<\/h3><\/div><\/div><\/figcaption><\/figure><\/a><!--end av-masonry entry--><a href=\"https:\/\/www.museudebadalona.cat\/es\/visites-al-patrimoni\/\"  aria-label=\"image Visitas al patrimonio\"  id='av-masonry-1-item-34966' data-av-masonry-item='34966' class='av-masonry-entry isotope-item post-34966 attachment type-attachment status-inherit hentry  av-masonry-item-with-image' title=\"Visitas al patrimonio\" alt=\"Visitas al patrimonio\"  data-av-masonry-custom-link=\"https:\/\/www.museudebadalona.cat\/es\/visites-al-patrimoni\/\"  itemprop=\"thumbnailUrl\" ><div class='av-inner-masonry-sizer'><\/div><figure class='av-inner-masonry main_color'><div class=\"av-masonry-outerimage-container\"><div class='av-masonry-image-container' style=\"background-image: url(https:\/\/www.museudebadalona.cat\/wp-content\/uploads\/visites-al-patrimoni-705x705.jpg);\"  title=\"Visitas al patrimonio\" ><\/div><\/div><figcaption class='av-inner-masonry-content site-background'><div class='av-inner-masonry-content-pos'><div class='av-inner-masonry-content-pos-content'><div class='avia-arrow'><\/div><h3 class='av-masonry-entry-title entry-title '  itemprop=\"headline\" >Visitas al patrimonio<\/h3><\/div><\/div><\/figcaption><\/figure><\/a><!--end av-masonry entry--><a href=\"https:\/\/www.museudebadalona.cat\/es\/reconstruccio-historica\/\"  aria-label=\"image Recreaciones hist\u00f3ricas\"  id='av-masonry-1-item-95412' data-av-masonry-item='95412' class='av-masonry-entry isotope-item post-95412 attachment type-attachment status-inherit hentry  av-masonry-item-with-image' title=\"Recreaciones hist\u00f3ricas\" alt=\"\"  data-av-masonry-custom-link=\"https:\/\/www.museudebadalona.cat\/es\/reconstruccio-historica\/\"  itemprop=\"thumbnailUrl\" ><div class='av-inner-masonry-sizer'><\/div><figure class='av-inner-masonry main_color'><div class=\"av-masonry-outerimage-container\"><div class='av-masonry-image-container' style=\"background-image: url(https:\/\/www.museudebadalona.cat\/wp-content\/uploads\/recreacio-705x705.jpg);\"  title=\"Recreaciones hist\u00f3ricas\" ><\/div><\/div><figcaption class='av-inner-masonry-content site-background'><div class='av-inner-masonry-content-pos'><div class='av-inner-masonry-content-pos-content'><div class='avia-arrow'><\/div><h3 class='av-masonry-entry-title entry-title '  itemprop=\"headline\" >Recreaciones hist\u00f3ricas<\/h3><\/div><\/div><\/figcaption><\/figure><\/a><!--end av-masonry entry--><a href=\"https:\/\/www.museudebadalona.cat\/es\/tallers-familiars\/\"  aria-label=\"image Talleres para ni\u00f1os y adultos\"  id='av-masonry-1-item-95416' data-av-masonry-item='95416' class='av-masonry-entry isotope-item post-95416 attachment type-attachment status-inherit hentry  av-masonry-item-with-image' title=\"Talleres para ni\u00f1os y adultos\" alt=\"\"  data-av-masonry-custom-link=\"https:\/\/www.museudebadalona.cat\/es\/tallers-familiars\/\"  itemprop=\"thumbnailUrl\" ><div class='av-inner-masonry-sizer'><\/div><figure class='av-inner-masonry main_color'><div class=\"av-masonry-outerimage-container\"><div class='av-masonry-image-container' style=\"background-image: url(https:\/\/www.museudebadalona.cat\/wp-content\/uploads\/tallers-705x705.jpeg);\"  title=\"Talleres para ni\u00f1os y adultos\" ><\/div><\/div><figcaption class='av-inner-masonry-content site-background'><div class='av-inner-masonry-content-pos'><div class='av-inner-masonry-content-pos-content'><div class='avia-arrow'><\/div><h3 class='av-masonry-entry-title entry-title '  itemprop=\"headline\" >Talleres para ni\u00f1os y adultos<\/h3><\/div><\/div><\/figcaption><\/figure><\/a><!--end av-masonry entry--><a href=\"https:\/\/www.museudebadalona.cat\/es\/esdeveniments\/category\/espectaculos-magna-celebratio\/\"  aria-label=\"image Espect\u00e1culos de reconstrucci\u00f3n hist\u00f3rica\"  id='av-masonry-1-item-95420' data-av-masonry-item='95420' class='av-masonry-entry isotope-item post-95420 attachment type-attachment status-inherit hentry  av-masonry-item-with-image' title=\"Espect\u00e1culos de reconstrucci\u00f3n hist\u00f3rica\" alt=\"\"  data-av-masonry-custom-link=\"https:\/\/www.museudebadalona.cat\/es\/esdeveniments\/category\/espectaculos-magna-celebratio\/\"  itemprop=\"thumbnailUrl\" ><div class='av-inner-masonry-sizer'><\/div><figure class='av-inner-masonry main_color'><div class=\"av-masonry-outerimage-container\"><div class='av-masonry-image-container' style=\"background-image: url(https:\/\/www.museudebadalona.cat\/wp-content\/uploads\/espectacles-1-705x705.jpg);\"  title=\"Espect\u00e1culos de reconstrucci\u00f3n hist\u00f3rica\" ><\/div><\/div><figcaption class='av-inner-masonry-content site-background'><div class='av-inner-masonry-content-pos'><div class='av-inner-masonry-content-pos-content'><div class='avia-arrow'><\/div><h3 class='av-masonry-entry-title entry-title '  itemprop=\"headline\" >Espect\u00e1culos de reconstrucci\u00f3n hist\u00f3rica<\/h3><\/div><\/div><\/figcaption><\/figure><\/a><!--end av-masonry entry--><a href=\"https:\/\/www.museudebadalona.cat\/es\/visitas-al-patrimonio-no-musealizado\/\"  aria-label=\"image Visitas guiadas\"  id='av-masonry-1-item-95424' data-av-masonry-item='95424' class='av-masonry-entry isotope-item post-95424 attachment type-attachment status-inherit hentry  av-masonry-item-with-image' title=\"Visitas guiadas\" alt=\"\"  data-av-masonry-custom-link=\"https:\/\/www.museudebadalona.cat\/es\/visitas-al-patrimonio-no-musealizado\/\"  itemprop=\"thumbnailUrl\" ><div class='av-inner-masonry-sizer'><\/div><figure class='av-inner-masonry main_color'><div class=\"av-masonry-outerimage-container\"><div class='av-masonry-image-container' style=\"background-image: url(https:\/\/www.museudebadalona.cat\/wp-content\/uploads\/guiades-705x705.jpg);\"  title=\"Visitas guiadas\" ><\/div><\/div><figcaption class='av-inner-masonry-content site-background'><div class='av-inner-masonry-content-pos'><div class='av-inner-masonry-content-pos-content'><div class='avia-arrow'><\/div><h3 class='av-masonry-entry-title entry-title '  itemprop=\"headline\" >Visitas guiadas<\/h3><\/div><\/div><\/figcaption><\/figure><\/a><!--end av-masonry entry--><\/div><\/div><\/p><\/div>\n<style type=\"text\/css\" data-created_by=\"avia_inline_auto\" id=\"style-css-av-2ttyq7-e4426d0118b800ef28c746dfc8a09348\">\n#top .hr.hr-invisible.av-2ttyq7-e4426d0118b800ef28c746dfc8a09348{\nheight:30px;\n}\n<\/style>\n<div  class='hr av-2ttyq7-e4426d0118b800ef28c746dfc8a09348 hr-invisible  avia-builder-el-7  el_after_av_one_full  avia-builder-el-last '><span class='hr-inner '><span class=\"hr-inner-style\"><\/span><\/span><\/div><\/p>\n","protected":false},"excerpt":{"rendered":"","protected":false},"author":1,"featured_media":0,"parent":0,"menu_order":0,"comment_status":"closed","ping_status":"closed","template":"","meta":{"_acf_changed":false,"_price":"","_stock":"","_tribe_ticket_header":"","_tribe_default_ticket_provider":"Tribe__Tickets_Plus__Commerce__WooCommerce__Main","_tribe_ticket_capacity":"0","_ticket_start_date":"","_ticket_end_date":"","_tribe_ticket_show_description":"","_tribe_ticket_show_not_going":false,"_tribe_ticket_use_global_stock":"","_tribe_ticket_global_stock_level":"","_global_stock_mode":"","_global_stock_cap":"","_tribe_rsvp_for_event":"","_tribe_ticket_going_count":"","_tribe_ticket_not_going_count":"","_tribe_tickets_list":"[]","_tribe_ticket_has_attendee_info_fields":false,"footnotes":""},"class_list":["post-58206","page","type-page","status-publish","hentry"],"acf":[],"ticketed":false,"_links":{"self":[{"href":"https:\/\/www.museudebadalona.cat\/es\/wp-json\/wp\/v2\/pages\/58206"}],"collection":[{"href":"https:\/\/www.museudebadalona.cat\/es\/wp-json\/wp\/v2\/pages"}],"about":[{"href":"https:\/\/www.museudebadalona.cat\/es\/wp-json\/wp\/v2\/types\/page"}],"author":[{"embeddable":true,"href":"https:\/\/www.museudebadalona.cat\/es\/wp-json\/wp\/v2\/users\/1"}],"replies":[{"embeddable":true,"href":"https:\/\/www.museudebadalona.cat\/es\/wp-json\/wp\/v2\/comments?post=58206"}],"version-history":[{"count":11,"href":"https:\/\/www.museudebadalona.cat\/es\/wp-json\/wp\/v2\/pages\/58206\/revisions"}],"predecessor-version":[{"id":96130,"href":"https:\/\/www.museudebadalona.cat\/es\/wp-json\/wp\/v2\/pages\/58206\/revisions\/96130"}],"wp:attachment":[{"href":"https:\/\/www.museudebadalona.cat\/es\/wp-json\/wp\/v2\/media?parent=58206"}],"curies":[{"name":"wp","href":"https:\/\/api.w.org\/{rel}","templated":true}]}}