{"id":20155,"date":"2020-02-27T19:30:35","date_gmt":"2020-02-27T18:30:35","guid":{"rendered":"https:\/\/www.museudebadalona.cat\/?page_id=20155"},"modified":"2021-07-09T09:54:48","modified_gmt":"2021-07-09T07:54:48","slug":"el-eco-de-badalona","status":"publish","type":"page","link":"https:\/\/www.museudebadalona.cat\/es\/archivo\/hemeroteca\/el-eco-de-badalona\/","title":{"rendered":"Revista ECO"},"content":{"rendered":"\n<style type=\"text\/css\" data-created_by=\"avia_inline_auto\" id=\"style-css-av-kqw1mbwk-0cad5e8051bde3803eb0e99fc7f0897a\">\n.avia-image-container.av-kqw1mbwk-0cad5e8051bde3803eb0e99fc7f0897a img.avia_image{\nbox-shadow:none;\n}\n.avia-image-container.av-kqw1mbwk-0cad5e8051bde3803eb0e99fc7f0897a .av-image-caption-overlay-center{\ncolor:#ffffff;\n}\n<\/style>\n<div  class='avia-image-container av-kqw1mbwk-0cad5e8051bde3803eb0e99fc7f0897a av-styling- avia-align-center  avia-builder-el-0  el_before_av_heading  avia-builder-el-first '   itemprop=\"image\" itemscope=\"itemscope\" itemtype=\"https:\/\/schema.org\/ImageObject\" ><div class=\"avia-image-container-inner\"><div class=\"avia-image-overlay-wrap\"><img decoding=\"async\" fetchpriority=\"high\" class='wp-image-20160 avia-img-lazy-loading-not-20160 avia_image ' src=\"https:\/\/www.museudebadalona.cat\/wp-content\/uploads\/el-eco-de-badalona.jpg\" alt='' title='el eco de badalona'  height=\"230\" width=\"1280\"  itemprop=\"thumbnailUrl\" srcset=\"https:\/\/www.museudebadalona.cat\/wp-content\/uploads\/el-eco-de-badalona.jpg 1280w, https:\/\/www.museudebadalona.cat\/wp-content\/uploads\/el-eco-de-badalona-600x108.jpg 600w, https:\/\/www.museudebadalona.cat\/wp-content\/uploads\/el-eco-de-badalona-400x72.jpg 400w, https:\/\/www.museudebadalona.cat\/wp-content\/uploads\/el-eco-de-badalona-768x138.jpg 768w, https:\/\/www.museudebadalona.cat\/wp-content\/uploads\/el-eco-de-badalona-1030x185.jpg 1030w, https:\/\/www.museudebadalona.cat\/wp-content\/uploads\/el-eco-de-badalona-705x127.jpg 705w\" sizes=\"(max-width: 1280px) 100vw, 1280px\" \/><\/div><\/div><\/div>\n\n<style type=\"text\/css\" data-created_by=\"avia_inline_auto\" id=\"style-css-av-ilbxtn-78b35a906e4c02b1fd999b5c21956fef\">\n#top .av-special-heading.av-ilbxtn-78b35a906e4c02b1fd999b5c21956fef{\npadding-bottom:10px;\n}\nbody .av-special-heading.av-ilbxtn-78b35a906e4c02b1fd999b5c21956fef .av-special-heading-tag .heading-char{\nfont-size:25px;\n}\n.av-special-heading.av-ilbxtn-78b35a906e4c02b1fd999b5c21956fef .av-subheading{\nfont-size:15px;\n}\n<\/style>\n<div  class='av-special-heading av-ilbxtn-78b35a906e4c02b1fd999b5c21956fef av-special-heading-h1 blockquote modern-quote  avia-builder-el-1  el_after_av_image  el_before_av_three_fifth '><h1 class='av-special-heading-tag '  itemprop=\"headline\"  >El ECO de Badalona<\/h1><div class=\"special-heading-border\"><div class=\"special-heading-inner-border\"><\/div><\/div><\/div>\n\n<style type=\"text\/css\" data-created_by=\"avia_inline_auto\" id=\"style-css-av-x1rtnm-8d18fe6059177d7a39b0a9a962abf493\">\n.flex_column.av-x1rtnm-8d18fe6059177d7a39b0a9a962abf493{\nborder-radius:0px 0px 0px 0px;\npadding:0px 0px 0px 0px;\n}\n<\/style>\n<div  class='flex_column av-x1rtnm-8d18fe6059177d7a39b0a9a962abf493 av_three_fifth  avia-builder-el-2  el_after_av_heading  el_before_av_two_fifth  first flex_column_div av-zero-column-padding  '     ><section  class='av_textblock_section av-jplcrkkc-5f536087a286f914deba3892697320c2 '   itemscope=\"itemscope\" itemtype=\"https:\/\/schema.org\/CreativeWork\" ><div class='avia_textblock'  itemprop=\"text\" ><p>Semanario fundado en 1868 por el periodista badalon\u00e9s Francesc de A. Planas i Casals. Fue la primera publicaci\u00f3n peri\u00f3dica que apareci\u00f3 en Badalona, de alcance local, y una de las primeras de Catalu\u00f1a. Tuvo dos \u00e9pocas: la primera comprende un periodo breve, del 1868 al 1869, y la segunda, de 1878 hasta el inicio de la Guerra Civil en 1936.<\/p>\n<p>Recog\u00eda fundamentalmente noticias locales, pero tambi\u00e9n algunas informaciones de car\u00e1cter general, incluyendo una cr\u00f3nica nacional e internacional. Adem\u00e1s, publicaba avisos de espect\u00e1culos, poes\u00edas, esquelas y colaboraciones diversas.<\/p>\n<p>Directores:<\/p>\n<p>Francesc de A. Planas i Casals (Badalona 1845 a 1911), fundador, 1868 a 1869, 1878 a 1911.<br \/>\n\u00c0ngel Gill Silvestre (Jaca 1888-Barcelona 1939), abogado, marzo 1912-octubre 1913.<br \/>\nAntoni de P. Planas Carret\u00e9 (Badalona 1888- 1955), hijo del fundador, octubre 1913-septiembre 1936.<\/p>\n<p>Periodicidad: semanal. Los primeros a\u00f1os sal\u00eda el domingo y desde 1879 el s\u00e1bado.<\/p>\n<p>Idiomas: castellano y catal\u00e1n.<\/p>\n<\/div><\/section><\/div>\n\n<style type=\"text\/css\" data-created_by=\"avia_inline_auto\" id=\"style-css-av-x1rtnm-ccee19e48668e650027788c29b3ee1c2\">\n.flex_column.av-x1rtnm-ccee19e48668e650027788c29b3ee1c2{\nborder-radius:0px 0px 0px 0px;\npadding:0px 0px 0px 0px;\n}\n<\/style>\n<div  class='flex_column av-x1rtnm-ccee19e48668e650027788c29b3ee1c2 av_two_fifth  avia-builder-el-4  el_after_av_three_fifth  el_before_av_section  avia-builder-el-last  flex_column_div av-zero-column-padding  '     ><style type=\"text\/css\" data-created_by=\"avia_inline_auto\" id=\"style-css-av-jt4k3tfj-87e83e69c52ab6dd4fb3628b313195a8\">\n.avia-image-container.av-jt4k3tfj-87e83e69c52ab6dd4fb3628b313195a8 img.avia_image{\nbox-shadow:none;\n}\n.avia-image-container.av-jt4k3tfj-87e83e69c52ab6dd4fb3628b313195a8 .av-image-caption-overlay-center{\ncolor:#ffffff;\n}\n<\/style>\n<div  class='avia-image-container av-jt4k3tfj-87e83e69c52ab6dd4fb3628b313195a8 av-styling- avia-align-center  avia-builder-el-5  avia-builder-el-no-sibling '   itemprop=\"image\" itemscope=\"itemscope\" itemtype=\"https:\/\/schema.org\/ImageObject\" ><div class=\"avia-image-container-inner\"><div class=\"avia-image-overlay-wrap\"><img decoding=\"async\" fetchpriority=\"high\" class='wp-image-23366 avia-img-lazy-loading-not-23366 avia_image ' src=\"https:\/\/www.museudebadalona.cat\/wp-content\/uploads\/portades-ECO-300-2.jpg\" alt='' title='portades ECO 300 2'  height=\"330\" width=\"400\"  itemprop=\"thumbnailUrl\"  \/><\/div><\/div><\/div><\/div>\n<\/div><\/div><\/div><!-- close content main div --><\/div><\/div>\n<style type=\"text\/css\" data-created_by=\"avia_inline_auto\" id=\"style-css-av-k6aks96t-0621ddd11422411766ccea9ec37e9019\">\n.avia-section.av-k6aks96t-0621ddd11422411766ccea9ec37e9019{\nbackground-color:#f4e7cf;\nbackground-image:unset;\n}\n<\/style>\n<div id='av_section_1'  class='avia-section av-k6aks96t-0621ddd11422411766ccea9ec37e9019 main_color avia-section-default avia-no-border-styling  avia-builder-el-6  el_after_av_two_fifth  avia-builder-el-last  avia-bg-style-scroll av-minimum-height av-minimum-height-25 av-height-25  container_wrap sidebar_right'   data-av_minimum_height_pc='25' data-av_min_height_opt='25'><div class='container av-section-cont-open' ><div class='template-page content  av-content-small alpha units'><div class='post-entry post-entry-type-page post-entry-20155'><div class='entry-content-wrapper clearfix'>\n\n<\/div><\/div><\/div><!-- close content main div --><\/div><\/div><div id='after_section_1'  class='main_color av_default_container_wrap container_wrap sidebar_right'  ><div class='container av-section-cont-open' ><div class='template-page content  av-content-small alpha units'><div class='post-entry post-entry-type-page post-entry-20155'><div class='entry-content-wrapper clearfix'>\n","protected":false},"excerpt":{"rendered":"","protected":false},"author":1,"featured_media":0,"parent":10318,"menu_order":0,"comment_status":"closed","ping_status":"closed","template":"","meta":{"_acf_changed":false,"_price":"","_stock":"","_tribe_ticket_header":"","_tribe_default_ticket_provider":"Tribe__Tickets_Plus__Commerce__WooCommerce__Main","_tribe_ticket_capacity":"0","_ticket_start_date":"","_ticket_end_date":"","_tribe_ticket_show_description":"","_tribe_ticket_show_not_going":false,"_tribe_ticket_use_global_stock":"","_tribe_ticket_global_stock_level":"","_global_stock_mode":"","_global_stock_cap":"","_tribe_rsvp_for_event":"","_tribe_ticket_going_count":"","_tribe_ticket_not_going_count":"","_tribe_tickets_list":"[]","_tribe_ticket_has_attendee_info_fields":false,"footnotes":""},"class_list":["post-20155","page","type-page","status-publish","hentry"],"acf":[],"ticketed":false,"_links":{"self":[{"href":"https:\/\/www.museudebadalona.cat\/es\/wp-json\/wp\/v2\/pages\/20155"}],"collection":[{"href":"https:\/\/www.museudebadalona.cat\/es\/wp-json\/wp\/v2\/pages"}],"about":[{"href":"https:\/\/www.museudebadalona.cat\/es\/wp-json\/wp\/v2\/types\/page"}],"author":[{"embeddable":true,"href":"https:\/\/www.museudebadalona.cat\/es\/wp-json\/wp\/v2\/users\/1"}],"replies":[{"embeddable":true,"href":"https:\/\/www.museudebadalona.cat\/es\/wp-json\/wp\/v2\/comments?post=20155"}],"version-history":[{"count":11,"href":"https:\/\/www.museudebadalona.cat\/es\/wp-json\/wp\/v2\/pages\/20155\/revisions"}],"predecessor-version":[{"id":41557,"href":"https:\/\/www.museudebadalona.cat\/es\/wp-json\/wp\/v2\/pages\/20155\/revisions\/41557"}],"up":[{"embeddable":true,"href":"https:\/\/www.museudebadalona.cat\/es\/wp-json\/wp\/v2\/pages\/10318"}],"wp:attachment":[{"href":"https:\/\/www.museudebadalona.cat\/es\/wp-json\/wp\/v2\/media?parent=20155"}],"curies":[{"name":"wp","href":"https:\/\/api.w.org\/{rel}","templated":true}]}}