{"id":10358,"date":"2019-03-25T18:01:26","date_gmt":"2019-03-25T17:01:26","guid":{"rendered":"http:\/\/museu.topimatge.com\/?page_id=10358"},"modified":"2019-11-18T11:48:49","modified_gmt":"2019-11-18T10:48:49","slug":"accesibilidad","status":"publish","type":"page","link":"https:\/\/www.museudebadalona.cat\/es\/accesibilidad\/","title":{"rendered":"Accesibilidad"},"content":{"rendered":"\n<style type=\"text\/css\" data-created_by=\"avia_inline_auto\" id=\"style-css-av-av_heading-698b5b49d494ecb92c550bb87c934831\">\n#top .av-special-heading.av-av_heading-698b5b49d494ecb92c550bb87c934831{\npadding-bottom:10px;\n}\nbody .av-special-heading.av-av_heading-698b5b49d494ecb92c550bb87c934831 .av-special-heading-tag .heading-char{\nfont-size:25px;\n}\n.av-special-heading.av-av_heading-698b5b49d494ecb92c550bb87c934831 .av-subheading{\nfont-size:20px;\n}\n<\/style>\n<div  class='av-special-heading av-av_heading-698b5b49d494ecb92c550bb87c934831 av-special-heading-h2 blockquote modern-quote  avia-builder-el-0  el_before_av_one_full  avia-builder-el-first '><h2 class='av-special-heading-tag '  itemprop=\"headline\"  >Accesibilidad<\/h2><div class=\"special-heading-border\"><div class=\"special-heading-inner-border\"><\/div><\/div><\/div>\n\n<style type=\"text\/css\" data-created_by=\"avia_inline_auto\" id=\"style-css-av-8060c-5833370e113ab12ac654ada2f63ef4f6\">\n.flex_column.av-8060c-5833370e113ab12ac654ada2f63ef4f6{\nborder-radius:0px 0px 0px 0px;\npadding:0px 0px 0px 0px;\n}\n<\/style>\n<div  class='flex_column av-8060c-5833370e113ab12ac654ada2f63ef4f6 av_one_full  avia-builder-el-1  el_after_av_heading  avia-builder-el-last  first flex_column_div av-zero-column-padding  '     ><p><section  class='av_textblock_section av-jpkcu3nn-97cb69f427bf502eaed55524c56a286f '   itemscope=\"itemscope\" itemtype=\"https:\/\/schema.org\/CreativeWork\" ><div class='avia_textblock'  itemprop=\"text\" ><p>El Museo de Badalona adapt\u00f3 en 2010 el acceso y su museograf\u00eda todos los p\u00fablicos. La visita se puede hacer sin barreras arquitect\u00f3nicas, es accesible para personas con dificultad de movilidad o bien cochecitos. Adem\u00e1s, el recorrido por el espacio arqueol\u00f3gico de las Termas y el Decumanus, el Jard\u00edn de Quinto Licinio y la Casa de los Delfines, dispone de paneles sensoriales para personas con disminuci\u00f3n visual. Tambi\u00e9n se organizan visitas para grupos con alguna necesidad especial.<\/p>\n<\/div><\/section><br \/>\n\n<style type=\"text\/css\" data-created_by=\"avia_inline_auto\" id=\"style-css-av-jtolns5r-38d1d0b6276494f2705ac44fa5d9fdb9\">\n#top .hr.hr-invisible.av-jtolns5r-38d1d0b6276494f2705ac44fa5d9fdb9{\nheight:20px;\n}\n<\/style>\n<div  class='hr av-jtolns5r-38d1d0b6276494f2705ac44fa5d9fdb9 hr-invisible  avia-builder-el-3  el_after_av_textblock  el_before_av_masonry_gallery  avia-builder-el-last '><span class='hr-inner '><span class=\"hr-inner-style\"><\/span><\/span><\/div><br \/>\n<div id='av-masonry-1' class='av-masonry av-jsg1dl6d-49e2c6499ae8d34f5a4705dc9ef512e1 noHover av-flex-size av-large-gap av-hover-overlay- av-masonry-animation-active av-masonry-col-3 av-caption-always av-caption-style- av-masonry-gallery ' data-post_id=\"10358\"><div class=\"av-masonry-container isotope av-js-disabled\"><div class='av-masonry-entry isotope-item av-masonry-item-no-image '><\/div><a href=\"https:\/\/www.museudebadalona.cat\/wp-content\/uploads\/accessibilitat-museu-de-badalona-2-1.jpg\" data-srcset=\"https:\/\/www.museudebadalona.cat\/wp-content\/uploads\/accessibilitat-museu-de-badalona-2-1.jpg 800w, https:\/\/www.museudebadalona.cat\/wp-content\/uploads\/accessibilitat-museu-de-badalona-2-1-600x374.jpg 600w, https:\/\/www.museudebadalona.cat\/wp-content\/uploads\/accessibilitat-museu-de-badalona-2-1-300x187.jpg 300w, https:\/\/www.museudebadalona.cat\/wp-content\/uploads\/accessibilitat-museu-de-badalona-2-1-768x478.jpg 768w, https:\/\/www.museudebadalona.cat\/wp-content\/uploads\/accessibilitat-museu-de-badalona-2-1-705x439.jpg 705w\" data-sizes=\"(max-width: 800px) 100vw, 800px\"  aria-label=\"image image with no title\"  id='av-masonry-1-item-10380' data-av-masonry-item='10380' class='av-masonry-entry isotope-item post-10380 attachment type-attachment status-inherit hentry  av-masonry-item-with-image' title=\"\" alt=\"\"    itemprop=\"thumbnailUrl\" ><div class='av-inner-masonry-sizer'><\/div><figure class='av-inner-masonry main_color'><div class=\"av-masonry-outerimage-container\"><div class='av-masonry-image-container'  ><img decoding=\"async\" width=\"705\" height=\"439\" fetchpriority=\"high\" class=\"wp-image-10380 avia-img-lazy-loading-not-10380\"  src=\"https:\/\/www.museudebadalona.cat\/wp-content\/uploads\/accessibilitat-museu-de-badalona-2-1-705x439.jpg\" title=\"\" alt=\"\" srcset=\"https:\/\/www.museudebadalona.cat\/wp-content\/uploads\/accessibilitat-museu-de-badalona-2-1-705x439.jpg 705w, https:\/\/www.museudebadalona.cat\/wp-content\/uploads\/accessibilitat-museu-de-badalona-2-1-600x374.jpg 600w, https:\/\/www.museudebadalona.cat\/wp-content\/uploads\/accessibilitat-museu-de-badalona-2-1-300x187.jpg 300w, https:\/\/www.museudebadalona.cat\/wp-content\/uploads\/accessibilitat-museu-de-badalona-2-1-768x478.jpg 768w, https:\/\/www.museudebadalona.cat\/wp-content\/uploads\/accessibilitat-museu-de-badalona-2-1.jpg 800w\" sizes=\"(max-width: 705px) 100vw, 705px\" \/><\/div><\/div><\/figure><\/a><!--end av-masonry entry--><a href=\"https:\/\/www.museudebadalona.cat\/wp-content\/uploads\/accessibilitat-museu-de-badalona-1.jpg\" data-srcset=\"https:\/\/www.museudebadalona.cat\/wp-content\/uploads\/accessibilitat-museu-de-badalona-1.jpg 800w, https:\/\/www.museudebadalona.cat\/wp-content\/uploads\/accessibilitat-museu-de-badalona-1-600x374.jpg 600w, https:\/\/www.museudebadalona.cat\/wp-content\/uploads\/accessibilitat-museu-de-badalona-1-300x187.jpg 300w, https:\/\/www.museudebadalona.cat\/wp-content\/uploads\/accessibilitat-museu-de-badalona-1-768x478.jpg 768w, https:\/\/www.museudebadalona.cat\/wp-content\/uploads\/accessibilitat-museu-de-badalona-1-705x439.jpg 705w\" data-sizes=\"(max-width: 800px) 100vw, 800px\"  aria-label=\"image image with no title\"  id='av-masonry-1-item-10377' data-av-masonry-item='10377' class='av-masonry-entry isotope-item post-10377 attachment type-attachment status-inherit hentry  av-masonry-item-with-image' title=\"\" alt=\"\"    itemprop=\"thumbnailUrl\" ><div class='av-inner-masonry-sizer'><\/div><figure class='av-inner-masonry main_color'><div class=\"av-masonry-outerimage-container\"><div class='av-masonry-image-container'  ><img decoding=\"async\" width=\"705\" height=\"439\" fetchpriority=\"high\" class=\"wp-image-10377 avia-img-lazy-loading-not-10377\"  src=\"https:\/\/www.museudebadalona.cat\/wp-content\/uploads\/accessibilitat-museu-de-badalona-1-705x439.jpg\" title=\"\" alt=\"\" srcset=\"https:\/\/www.museudebadalona.cat\/wp-content\/uploads\/accessibilitat-museu-de-badalona-1-705x439.jpg 705w, https:\/\/www.museudebadalona.cat\/wp-content\/uploads\/accessibilitat-museu-de-badalona-1-600x374.jpg 600w, https:\/\/www.museudebadalona.cat\/wp-content\/uploads\/accessibilitat-museu-de-badalona-1-300x187.jpg 300w, https:\/\/www.museudebadalona.cat\/wp-content\/uploads\/accessibilitat-museu-de-badalona-1-768x478.jpg 768w, https:\/\/www.museudebadalona.cat\/wp-content\/uploads\/accessibilitat-museu-de-badalona-1.jpg 800w\" sizes=\"(max-width: 705px) 100vw, 705px\" \/><\/div><\/div><\/figure><\/a><!--end av-masonry entry--><a href=\"https:\/\/www.museudebadalona.cat\/wp-content\/uploads\/accessibilitat-museu-de-badalona-3.jpg\" data-srcset=\"https:\/\/www.museudebadalona.cat\/wp-content\/uploads\/accessibilitat-museu-de-badalona-3.jpg 800w, https:\/\/www.museudebadalona.cat\/wp-content\/uploads\/accessibilitat-museu-de-badalona-3-600x374.jpg 600w, https:\/\/www.museudebadalona.cat\/wp-content\/uploads\/accessibilitat-museu-de-badalona-3-300x187.jpg 300w, https:\/\/www.museudebadalona.cat\/wp-content\/uploads\/accessibilitat-museu-de-badalona-3-768x478.jpg 768w, https:\/\/www.museudebadalona.cat\/wp-content\/uploads\/accessibilitat-museu-de-badalona-3-705x439.jpg 705w\" data-sizes=\"(max-width: 800px) 100vw, 800px\"  aria-label=\"image image with no title\"  id='av-masonry-1-item-10364' data-av-masonry-item='10364' class='av-masonry-entry isotope-item post-10364 attachment type-attachment status-inherit hentry  av-masonry-item-with-image' title=\"\" alt=\"\"    itemprop=\"thumbnailUrl\" ><div class='av-inner-masonry-sizer'><\/div><figure class='av-inner-masonry main_color'><div class=\"av-masonry-outerimage-container\"><div class='av-masonry-image-container'  ><img decoding=\"async\" width=\"705\" height=\"439\" fetchpriority=\"high\" class=\"wp-image-10364 avia-img-lazy-loading-not-10364\"  src=\"https:\/\/www.museudebadalona.cat\/wp-content\/uploads\/accessibilitat-museu-de-badalona-3-705x439.jpg\" title=\"\" alt=\"\" srcset=\"https:\/\/www.museudebadalona.cat\/wp-content\/uploads\/accessibilitat-museu-de-badalona-3-705x439.jpg 705w, https:\/\/www.museudebadalona.cat\/wp-content\/uploads\/accessibilitat-museu-de-badalona-3-600x374.jpg 600w, https:\/\/www.museudebadalona.cat\/wp-content\/uploads\/accessibilitat-museu-de-badalona-3-300x187.jpg 300w, https:\/\/www.museudebadalona.cat\/wp-content\/uploads\/accessibilitat-museu-de-badalona-3-768x478.jpg 768w, https:\/\/www.museudebadalona.cat\/wp-content\/uploads\/accessibilitat-museu-de-badalona-3.jpg 800w\" sizes=\"(max-width: 705px) 100vw, 705px\" \/><\/div><\/div><\/figure><\/a><!--end av-masonry entry--><\/div><\/div><\/p><\/div>\n","protected":false},"excerpt":{"rendered":"","protected":false},"author":1,"featured_media":0,"parent":0,"menu_order":0,"comment_status":"closed","ping_status":"closed","template":"","meta":{"_acf_changed":false,"_price":"","_stock":"","_tribe_ticket_header":"","_tribe_default_ticket_provider":"","_tribe_ticket_capacity":"0","_ticket_start_date":"","_ticket_end_date":"","_tribe_ticket_show_description":"","_tribe_ticket_show_not_going":false,"_tribe_ticket_use_global_stock":"","_tribe_ticket_global_stock_level":"","_global_stock_mode":"","_global_stock_cap":"","_tribe_rsvp_for_event":"","_tribe_ticket_going_count":"","_tribe_ticket_not_going_count":"","_tribe_tickets_list":"[]","_tribe_ticket_has_attendee_info_fields":false,"footnotes":""},"class_list":["post-10358","page","type-page","status-publish","hentry"],"acf":[],"ticketed":false,"_links":{"self":[{"href":"https:\/\/www.museudebadalona.cat\/es\/wp-json\/wp\/v2\/pages\/10358"}],"collection":[{"href":"https:\/\/www.museudebadalona.cat\/es\/wp-json\/wp\/v2\/pages"}],"about":[{"href":"https:\/\/www.museudebadalona.cat\/es\/wp-json\/wp\/v2\/types\/page"}],"author":[{"embeddable":true,"href":"https:\/\/www.museudebadalona.cat\/es\/wp-json\/wp\/v2\/users\/1"}],"replies":[{"embeddable":true,"href":"https:\/\/www.museudebadalona.cat\/es\/wp-json\/wp\/v2\/comments?post=10358"}],"version-history":[{"count":6,"href":"https:\/\/www.museudebadalona.cat\/es\/wp-json\/wp\/v2\/pages\/10358\/revisions"}],"predecessor-version":[{"id":18600,"href":"https:\/\/www.museudebadalona.cat\/es\/wp-json\/wp\/v2\/pages\/10358\/revisions\/18600"}],"wp:attachment":[{"href":"https:\/\/www.museudebadalona.cat\/es\/wp-json\/wp\/v2\/media?parent=10358"}],"curies":[{"name":"wp","href":"https:\/\/api.w.org\/{rel}","templated":true}]}}