{"id":10318,"date":"2019-03-11T18:02:56","date_gmt":"2019-03-11T17:02:56","guid":{"rendered":"http:\/\/museu.topimatge.com\/archivo\/hemeroteca\/"},"modified":"2025-07-29T11:04:02","modified_gmt":"2025-07-29T09:04:02","slug":"hemeroteca","status":"publish","type":"page","link":"https:\/\/www.museudebadalona.cat\/es\/archivo\/hemeroteca\/","title":{"rendered":"Hemeroteca"},"content":{"rendered":"\n<style type=\"text\/css\" data-created_by=\"avia_inline_auto\" id=\"style-css-av-ugv3qm-87983285276d9100f11df2236134da33\">\n#top .av-special-heading.av-ugv3qm-87983285276d9100f11df2236134da33{\npadding-bottom:10px;\n}\nbody .av-special-heading.av-ugv3qm-87983285276d9100f11df2236134da33 .av-special-heading-tag .heading-char{\nfont-size:25px;\n}\n.av-special-heading.av-ugv3qm-87983285276d9100f11df2236134da33 .av-subheading{\nfont-size:15px;\n}\n<\/style>\n<div  class='av-special-heading av-ugv3qm-87983285276d9100f11df2236134da33 av-special-heading-h1 blockquote modern-quote  avia-builder-el-0  el_before_av_two_third  avia-builder-el-first '><h1 class='av-special-heading-tag '  itemprop=\"headline\"  >Hemeroteca<\/h1><div class=\"special-heading-border\"><div class=\"special-heading-inner-border\"><\/div><\/div><\/div>\n\n<style type=\"text\/css\" data-created_by=\"avia_inline_auto\" id=\"style-css-av-x1rtnm-8d18fe6059177d7a39b0a9a962abf493\">\n.flex_column.av-x1rtnm-8d18fe6059177d7a39b0a9a962abf493{\nborder-radius:0px 0px 0px 0px;\npadding:0px 0px 0px 0px;\n}\n<\/style>\n<div  class='flex_column av-x1rtnm-8d18fe6059177d7a39b0a9a962abf493 av_two_third  avia-builder-el-1  el_after_av_heading  el_before_av_one_third  first flex_column_div av-zero-column-padding  '     ><section  class='av_textblock_section av-jplcrkkc-5f536087a286f914deba3892697320c2 '   itemscope=\"itemscope\" itemtype=\"https:\/\/schema.org\/CreativeWork\" ><div class='avia_textblock'  itemprop=\"text\" ><p>La Hemeroteca re\u00fane m\u00e1s de 300 t\u00edtulos de publicaciones editadas en Badalona desde mediados del siglo XIX, y constituye la colecci\u00f3n de prensa badalonesa m\u00e1s completa que existe.<\/p>\n<p>El origen de la Hemeroteca se encuentra en las colecciones de prensa local que el Ayuntamiento de Badalona reuni\u00f3 desde el siglo XIX y las que reuni\u00f3 el propio Museo desde su creaci\u00f3n, en 1955. En 1994 estas colecciones se enriquecieron gracias al ingreso de un voluminoso fondo de prensa local procedente de la Biblioteca de la Fundaci\u00f3n de &#8220;la Caixa&#8221;. Cabe destacar, tambi\u00e9n, las aportaciones que particulares y entidades han hecho a lo largo de estos a\u00f1os y muy especialmente la colecci\u00f3n reunida por Josep M. Cuy\u00e0s y Tolosa que fue donada al Museo por su familia<\/p>\n<\/div><\/section><\/div>\n\n<style type=\"text\/css\" data-created_by=\"avia_inline_auto\" id=\"style-css-av-x1rtnm-2-cf3b08af2862c7b3b598835fb1245917\">\n.flex_column.av-x1rtnm-2-cf3b08af2862c7b3b598835fb1245917{\nborder-radius:0px 0px 0px 0px;\npadding:0px 0px 0px 0px;\n}\n<\/style>\n<div  class='flex_column av-x1rtnm-2-cf3b08af2862c7b3b598835fb1245917 av_one_third  avia-builder-el-3  el_after_av_two_third  el_before_av_textblock  flex_column_div av-zero-column-padding  '     ><style type=\"text\/css\" data-created_by=\"avia_inline_auto\" id=\"style-css-av-jt4k3tfj-aad4dd79c46a05749cf473baa8d21217\">\n.avia-image-container.av-jt4k3tfj-aad4dd79c46a05749cf473baa8d21217 img.avia_image{\nbox-shadow:none;\n}\n.avia-image-container.av-jt4k3tfj-aad4dd79c46a05749cf473baa8d21217 .av-image-caption-overlay-center{\ncolor:#ffffff;\n}\n<\/style>\n<div  class='avia-image-container av-jt4k3tfj-aad4dd79c46a05749cf473baa8d21217 av-styling- avia-align-center  avia-builder-el-4  avia-builder-el-no-sibling '   itemprop=\"image\" itemscope=\"itemscope\" itemtype=\"https:\/\/schema.org\/ImageObject\" ><div class=\"avia-image-container-inner\"><div class=\"avia-image-overlay-wrap\"><img decoding=\"async\" fetchpriority=\"high\" class='wp-image-8163 avia-img-lazy-loading-not-8163 avia_image ' src=\"https:\/\/www.museudebadalona.cat\/wp-content\/uploads\/hemeroteca.jpg\" alt='' title='hemeroteca'  height=\"289\" width=\"286\"  itemprop=\"thumbnailUrl\" srcset=\"https:\/\/www.museudebadalona.cat\/wp-content\/uploads\/hemeroteca.jpg 286w, https:\/\/www.museudebadalona.cat\/wp-content\/uploads\/hemeroteca-100x100.jpg 100w, https:\/\/www.museudebadalona.cat\/wp-content\/uploads\/hemeroteca-80x80.jpg 80w, https:\/\/www.museudebadalona.cat\/wp-content\/uploads\/hemeroteca-36x36.jpg 36w\" sizes=\"(max-width: 286px) 100vw, 286px\" \/><\/div><\/div><\/div><\/div>\n<section  class='av_textblock_section av-jt4lvi10-c9b605d9fded14eab82767ebd0219fe8 '   itemscope=\"itemscope\" itemtype=\"https:\/\/schema.org\/CreativeWork\" ><div class='avia_textblock'  itemprop=\"text\" ><p>La Hemeroteca consta de dos subsecciones:<\/p>\n<h3><strong>Prensa local<\/strong><\/h3>\n<p>Comprende las publicaciones badalonesas que han aparecido desde el siglo XIX, ya sean semanarios informativos de car\u00e1cter general, deportivos, prensa sat\u00edrica, prensa de partidos y sindicatos, publicaciones municipales, y boletines o revistas de entidades y de escuelas, entre otros. La colecci\u00f3n local de la Hemeroteca re\u00fane 321 t\u00edtulos y para su consulta hay dos cat\u00e1logos, uno alfab\u00e9tico de t\u00edtulos y un cronol\u00f3gico. En el alfab\u00e9tico de t\u00edtulos, se detalla el t\u00edtulo completo, el subt\u00edtulo y los n\u00fameros de que se dispone. Algunos de los t\u00edtulos se pueden consultar en versi\u00f3n digital. En el cronol\u00f3gico, se especifican todos los t\u00edtulos por a\u00f1os.<\/p>\n<p><a href=\"https:\/\/www.museudebadalona.cat\/wp-content\/uploads\/Hemeroteca-local.-Cronologic-2.pdf\" target=\"_blank\" rel=\"noopener\">Consultar el cat\u00e1logo cronol\u00f3gico<\/a><\/p>\n<p><a href=\"https:\/\/www.museudebadalona.cat\/wp-content\/uploads\/Hemeroteca-local.-Alfabetic-2.pdf\" target=\"_blank\" rel=\"noopener\">Consultar cat\u00e1logo alfab\u00e9tico<\/a><\/p>\n<p><a href=\"https:\/\/www.museudebadalona.cat\/wp-content\/uploads\/Hemeroteca-local-A-C-1.pdf\" target=\"_blank\" rel=\"noopener\">Hemeroteca local. Cat\u00e1logo A-C<\/a><\/p>\n<p><a href=\"https:\/\/www.museudebadalona.cat\/wp-content\/uploads\/Hemeroteca-local-D-L-1.pdf\" target=\"_blank\" rel=\"noopener\">Hemeroteca local. Cat\u00e1logo D-L<\/a><\/p>\n<p><a href=\"https:\/\/www.museudebadalona.cat\/wp-content\/uploads\/Hemeroteca-local-M-Z-1.pdf\" target=\"_blank\" rel=\"noopener\">Hemeroteca local. Cat\u00e1logo M-Z<\/a><\/p>\n<p><a href=\"https:\/\/www.museudebadalona.cat\/es\/archivo\/hemeroteca\/el-eco-de-badalona\/\"><em>El Eco de Badalona<\/em> (1868-1869 \/ 1878-1936)<\/a><\/p>\n<p><a href=\"https:\/\/www.museudebadalona.cat\/es\/archivo\/hemeroteca\/comarca-expres\/\"><em>Comarca Expres<\/em> (1976 \/ 1977)<\/a><\/p>\n<p><a href=\"https:\/\/www.museudebadalona.cat\/es\/archivo\/hemeroteca\/revista-de-badalona\/\"><em>Revista de Badalona<\/em> (1941-1989)<\/a><\/p>\n<p><a href=\"https:\/\/www.museudebadalona.cat\/es\/archivo\/hemeroteca\/reforma-de-badalona\/\"><em>Reforma de Badalona<\/em> (1976-1977)<\/a><\/p>\n<\/div><\/section>\n\n<style type=\"text\/css\" data-created_by=\"avia_inline_auto\" id=\"style-css-av-3s05gr-d4e8828c85840da93636703df6782892\">\n#top .hr.hr-invisible.av-3s05gr-d4e8828c85840da93636703df6782892{\nheight:30px;\n}\n<\/style>\n<div  class='hr av-3s05gr-d4e8828c85840da93636703df6782892 hr-invisible  avia-builder-el-6  el_after_av_textblock  el_before_av_textblock '><span class='hr-inner '><span class=\"hr-inner-style\"><\/span><\/span><\/div>\n<section  class='av_textblock_section av-jt4lvi10-1-6f849c990a387e88bc37c4b77719fe71 '   itemscope=\"itemscope\" itemtype=\"https:\/\/schema.org\/CreativeWork\" ><div class='avia_textblock'  itemprop=\"text\" ><h3>Recopilaci\u00f3n de prensa de temas badaloneses<\/h3>\n<p>Re\u00fane aquellos art\u00edculos referidos a Badalona que se han publicado en diversos diarios y revistas de \u00e1mbito general. La ordenaci\u00f3n es cronol\u00f3gica y la colecci\u00f3n se inicia en el a\u00f1o 1886 y llega hasta la actualidad. Esta subsecci\u00f3n comprende un volumen de 50 cajas y se consulta a partir de un cat\u00e1logo cronol\u00f3gico.<\/p>\n<p><a href=\"https:\/\/www.museudebadalona.cat\/wp-content\/uploads\/Recull-premsa-1.pdf\" target=\"_blank\" rel=\"noopener\">Dossier de prensa<\/a><\/p>\n<\/div><\/section>\n","protected":false},"excerpt":{"rendered":"","protected":false},"author":1,"featured_media":0,"parent":10277,"menu_order":0,"comment_status":"closed","ping_status":"closed","template":"","meta":{"_acf_changed":false,"_price":"","_stock":"","_tribe_ticket_header":"","_tribe_default_ticket_provider":"Tribe__Tickets_Plus__Commerce__WooCommerce__Main","_tribe_ticket_capacity":"0","_ticket_start_date":"","_ticket_end_date":"","_tribe_ticket_show_description":"","_tribe_ticket_show_not_going":false,"_tribe_ticket_use_global_stock":"","_tribe_ticket_global_stock_level":"","_global_stock_mode":"","_global_stock_cap":"","_tribe_rsvp_for_event":"","_tribe_ticket_going_count":"","_tribe_ticket_not_going_count":"","_tribe_tickets_list":"[]","_tribe_ticket_has_attendee_info_fields":false,"footnotes":""},"class_list":["post-10318","page","type-page","status-publish","hentry"],"acf":[],"ticketed":false,"_links":{"self":[{"href":"https:\/\/www.museudebadalona.cat\/es\/wp-json\/wp\/v2\/pages\/10318"}],"collection":[{"href":"https:\/\/www.museudebadalona.cat\/es\/wp-json\/wp\/v2\/pages"}],"about":[{"href":"https:\/\/www.museudebadalona.cat\/es\/wp-json\/wp\/v2\/types\/page"}],"author":[{"embeddable":true,"href":"https:\/\/www.museudebadalona.cat\/es\/wp-json\/wp\/v2\/users\/1"}],"replies":[{"embeddable":true,"href":"https:\/\/www.museudebadalona.cat\/es\/wp-json\/wp\/v2\/comments?post=10318"}],"version-history":[{"count":23,"href":"https:\/\/www.museudebadalona.cat\/es\/wp-json\/wp\/v2\/pages\/10318\/revisions"}],"predecessor-version":[{"id":89781,"href":"https:\/\/www.museudebadalona.cat\/es\/wp-json\/wp\/v2\/pages\/10318\/revisions\/89781"}],"up":[{"embeddable":true,"href":"https:\/\/www.museudebadalona.cat\/es\/wp-json\/wp\/v2\/pages\/10277"}],"wp:attachment":[{"href":"https:\/\/www.museudebadalona.cat\/es\/wp-json\/wp\/v2\/media?parent=10318"}],"curies":[{"name":"wp","href":"https:\/\/api.w.org\/{rel}","templated":true}]}}