{"id":10751,"date":"2019-02-05T10:44:40","date_gmt":"2019-02-05T09:44:40","guid":{"rendered":"http:\/\/museu.topimatge.com\/el-museu\/"},"modified":"2019-02-05T10:44:40","modified_gmt":"2019-02-05T09:44:40","slug":"el-museu","status":"publish","type":"page","link":"https:\/\/www.museudebadalona.cat\/en\/el-museu\/","title":{"rendered":"El Museu"},"content":{"rendered":"<div id='elmuseu'  class='avia-section av-jrrl3rur-a5e9a4a8a3892f3859b5c35084f6b87b main_color avia-section-default avia-no-border-styling  avia-builder-el-0  avia-builder-el-no-sibling  avia-bg-style-scroll container_wrap sidebar_right'  ><div class=\"av-section-color-overlay-wrap\"><a href='#next-section' title='' class='scroll-down-link ' aria-hidden='true' data-av_icon='\ue877' data-av_iconfont='entypo-fontello'><\/a><div class='container av-section-cont-open' ><main  role=\"main\" itemprop=\"mainContentOfPage\"  class='template-page content  av-content-small alpha units'><div class='post-entry post-entry-type-page post-entry-10751'><div class='entry-content-wrapper clearfix'>\n\n<style type=\"text\/css\" data-created_by=\"avia_inline_auto\" id=\"style-css-av-4p3euq-2d6888780c55a1a3e9169752aec2e9e4\">\n.flex_column.av-4p3euq-2d6888780c55a1a3e9169752aec2e9e4{\nborder-radius:0px 0px 0px 0px;\npadding:0px 0px 0px 0px;\n}\n<\/style>\n<div  class='flex_column av-4p3euq-2d6888780c55a1a3e9169752aec2e9e4 av_two_third  avia-builder-el-1  el_before_av_one_third  avia-builder-el-first  first flex_column_div av-zero-column-padding  '     ><p>\n<style type=\"text\/css\" data-created_by=\"avia_inline_auto\" id=\"style-css-av-jthhqdjo-12e35dd29ecd1b34d3d4cb9a4b77062a\">\n#top .av-special-heading.av-jthhqdjo-12e35dd29ecd1b34d3d4cb9a4b77062a{\npadding-bottom:10px;\n}\nbody .av-special-heading.av-jthhqdjo-12e35dd29ecd1b34d3d4cb9a4b77062a .av-special-heading-tag .heading-char{\nfont-size:25px;\n}\n.av-special-heading.av-jthhqdjo-12e35dd29ecd1b34d3d4cb9a4b77062a .av-subheading{\nfont-size:15px;\n}\n<\/style>\n<div  class='av-special-heading av-jthhqdjo-12e35dd29ecd1b34d3d4cb9a4b77062a av-special-heading-h2 blockquote modern-quote  avia-builder-el-2  el_before_av_textblock  avia-builder-el-first '><h2 class='av-special-heading-tag '  itemprop=\"headline\"  >El Museu<\/h2><div class='av-subheading av-subheading_below'><p>El Museu de Badalona \u00e9s una instituci\u00f3 p\u00fablica, sense finalitat de lucre, creada l&#8217;any 1955 per l&#8217;Ajuntament de la ciutat i regida per un Consell Rector.<\/p>\n<\/div><div class=\"special-heading-border\"><div class=\"special-heading-inner-border\"><\/div><\/div><\/div><br \/>\n<section  class='av_textblock_section av-jrrkuiir-ec28a9354b54c0d17b780f42af54cb65 '   itemscope=\"itemscope\" itemtype=\"https:\/\/schema.org\/CreativeWork\" ><div class='avia_textblock'  itemprop=\"text\" ><p>La tasca del Museu consisteix a recollir, conservar, investigar i difondre els objectes relacionats amb el municipi que siguin representatius de diferents per\u00edodes i aspectes de la seva hist\u00f2ria i del seu art. El Museu exerceix tamb\u00e9 les tasques de vig\u00edlia i protecci\u00f3 del Patrimoni hist\u00f2ric de Badalona, que compr\u00e8n els immobles i objectes mobles d&#8217;inter\u00e8s art\u00edstic, hist\u00f2ric i paleontol\u00f2gic, arqueol\u00f2gic, etnogr\u00e0fic, cient\u00edfic o t\u00e8cnic, patrimoni documental i bibliogr\u00e0fic, i els jaciments i zones arqueol\u00f2giques. Aix\u00ed mateix porta a terme les excavacions arqueol\u00f2giques a la ciutat i el seu territori, i conserva els fons que en procedeixen, la majoria d&#8217;\u00e8poca romana, pertanyents a la ciutat de Baetulo (l&#8217;actual Badalona), declarada B\u00e9 Cultural d&#8217;Inter\u00e8s Nacional (BCIN) per la Generalitat de Catalunya l&#8217;any 1995. D&#8217;altra banda, el Museu gestiona tamb\u00e9 l&#8217;Arxiu Hist\u00f2ric de la Ciutat de Badalona (AHBDN) i l&#8217;Hemeroteca Local.<\/p>\n<\/div><\/section><br \/>\n<section  class='av_textblock_section av-jrrkuiir-ec28a9354b54c0d17b780f42af54cb65 '   itemscope=\"itemscope\" itemtype=\"https:\/\/schema.org\/CreativeWork\" ><div class='avia_textblock'  itemprop=\"text\" ><p class=\"p1\"><span class=\"s1\">Actualment al subs\u00f2l de l&#8217;edifici del Museu, es poden visitar les restes de les Termes i del <i>Decumanus maximus<\/i>, un dels conjunts arqueol\u00f2gics d&#8217;\u00e8poca romana m\u00e9s importants de Catalunya. Tamb\u00e9 s&#8217;hi pot veure l&#8217;exposici\u00f3 permanent, que mostra sobretot peces de la <i>Baetulo<\/i> romana, entre les quals destaquen la Venus de Badalona, les pollegueres de la porta de la muralla de la ciutat o la <i>tabula hospitalis<\/i>. A part de l\u2019edifici principal, el Museu compta amb diferents subseus. Situats molt a prop, es poden visitar els espais romans muse\u00eftzats de la Casa dels Dofins i el Jard\u00ed de Quint Licini. Una altra subseu \u00e9s la masia de Can Miravitges, situada a Pomar, una masia i casa senyorial on es presenta una exposici\u00f3 permanent que explica l\u2019habitatge i les transformacions agr\u00edcoles del segle XVIII i on tamb\u00e9 hi ha algunes sales dedicades a l\u2019obra del pintor Antoni Ros i G\u00fcell (1877-1954), \u00faltim propietari del mas. El Museu gestiona tamb\u00e9 el Tur\u00f3 d&#8217;en Bosc\u00e0, situat fora del centre de Badalona, on es conserven les restes d\u2019un poblat ib\u00e8ric emmurallat, que constitueix el primer assentament urb\u00e0 dins el terme de Badalona.<\/span><\/p>\n<\/div><\/section><br \/>\n<section  class='av_textblock_section av-jrrkuiir-ec28a9354b54c0d17b780f42af54cb65 '   itemscope=\"itemscope\" itemtype=\"https:\/\/schema.org\/CreativeWork\" ><div class='avia_textblock'  itemprop=\"text\" ><p class=\"p1\"><span class=\"s1\">El Museu de Badalona forma part de la Xarxa de Museus Locals de la Diputaci\u00f3 de Barcelona des que es va crear el 1990 i de la Xarxa de Museus d&#8217;Arqueologia de Catalunya, tamb\u00e9 des del moment de la seva creaci\u00f3, el 2010.<\/span><\/p>\n<\/div><\/section><\/p><\/div>\n<style type=\"text\/css\" data-created_by=\"avia_inline_auto\" id=\"style-css-av-1wffw2-3d7f3c8c41ec12018164716befe32222\">\n.flex_column.av-1wffw2-3d7f3c8c41ec12018164716befe32222{\nborder-radius:0px 0px 0px 0px;\npadding:0px 0px 0px 0px;\n}\n<\/style>\n<div  class='flex_column av-1wffw2-3d7f3c8c41ec12018164716befe32222 av_one_third  avia-builder-el-6  el_after_av_two_third  el_before_av_heading  flex_column_div av-zero-column-padding  '     ><p>\n<style type=\"text\/css\" data-created_by=\"avia_inline_auto\" id=\"style-css-av-jrrkv8ic-ccb6205a8ef4020f2c27efe1da61b0bc\">\n.avia-image-container.av-jrrkv8ic-ccb6205a8ef4020f2c27efe1da61b0bc img.avia_image{\nbox-shadow:none;\n}\n.avia-image-container.av-jrrkv8ic-ccb6205a8ef4020f2c27efe1da61b0bc .av-image-caption-overlay-center{\ncolor:#ffffff;\n}\n<\/style>\n<div  class='avia-image-container av-jrrkv8ic-ccb6205a8ef4020f2c27efe1da61b0bc av-styling- avia-align-center  avia-builder-el-7  el_before_av_image  avia-builder-el-first '   itemprop=\"image\" itemscope=\"itemscope\" itemtype=\"https:\/\/schema.org\/ImageObject\" ><div class=\"avia-image-container-inner\"><div class=\"avia-image-overlay-wrap\"><img decoding=\"async\" fetchpriority=\"high\" class='wp-image-7893 avia-img-lazy-loading-not-7893 avia_image ' src=\"https:\/\/www.museudebadalona.cat\/wp-content\/uploads\/informacio-el-museu-badalona.jpg\" alt='' title='informacio-el-museu-badalona'  height=\"280\" width=\"280\"  itemprop=\"thumbnailUrl\" srcset=\"https:\/\/www.museudebadalona.cat\/wp-content\/uploads\/informacio-el-museu-badalona.jpg 280w, https:\/\/www.museudebadalona.cat\/wp-content\/uploads\/informacio-el-museu-badalona-100x100.jpg 100w, https:\/\/www.museudebadalona.cat\/wp-content\/uploads\/informacio-el-museu-badalona-80x80.jpg 80w, https:\/\/www.museudebadalona.cat\/wp-content\/uploads\/informacio-el-museu-badalona-36x36.jpg 36w, https:\/\/www.museudebadalona.cat\/wp-content\/uploads\/informacio-el-museu-badalona-180x180.jpg 180w\" sizes=\"(max-width: 280px) 100vw, 280px\" \/><\/div><\/div><\/div><br \/>\n\n<style type=\"text\/css\" data-created_by=\"avia_inline_auto\" id=\"style-css-av-jrrkv8ic-612940ad54299b262c6bbeb8782dcb2a\">\n.avia-image-container.av-jrrkv8ic-612940ad54299b262c6bbeb8782dcb2a img.avia_image{\nbox-shadow:none;\n}\n.avia-image-container.av-jrrkv8ic-612940ad54299b262c6bbeb8782dcb2a .av-image-caption-overlay-center{\ncolor:#ffffff;\n}\n<\/style>\n<div  class='avia-image-container av-jrrkv8ic-612940ad54299b262c6bbeb8782dcb2a av-styling- avia-align-center  avia-builder-el-8  el_after_av_image  avia-builder-el-last '   itemprop=\"image\" itemscope=\"itemscope\" itemtype=\"https:\/\/schema.org\/ImageObject\" ><div class=\"avia-image-container-inner\"><div class=\"avia-image-overlay-wrap\"><img decoding=\"async\" fetchpriority=\"high\" class='wp-image-7895 avia-img-lazy-loading-not-7895 avia_image ' src=\"https:\/\/www.museudebadalona.cat\/wp-content\/uploads\/informacio-el-museu-badalona-2.jpg\" alt='' title='informacio-el-museu-badalona-2'  height=\"280\" width=\"280\"  itemprop=\"thumbnailUrl\" srcset=\"https:\/\/www.museudebadalona.cat\/wp-content\/uploads\/informacio-el-museu-badalona-2.jpg 280w, https:\/\/www.museudebadalona.cat\/wp-content\/uploads\/informacio-el-museu-badalona-2-100x100.jpg 100w, https:\/\/www.museudebadalona.cat\/wp-content\/uploads\/informacio-el-museu-badalona-2-80x80.jpg 80w, https:\/\/www.museudebadalona.cat\/wp-content\/uploads\/informacio-el-museu-badalona-2-36x36.jpg 36w, https:\/\/www.museudebadalona.cat\/wp-content\/uploads\/informacio-el-museu-badalona-2-180x180.jpg 180w\" sizes=\"(max-width: 280px) 100vw, 280px\" \/><\/div><\/div><\/div><\/p><\/div>\n<style type=\"text\/css\" data-created_by=\"avia_inline_auto\" id=\"style-css-av-av_heading-aa439954dead0fcae17ec2052450a46a\">\n#top .av-special-heading.av-av_heading-aa439954dead0fcae17ec2052450a46a{\npadding-bottom:10px;\n}\nbody .av-special-heading.av-av_heading-aa439954dead0fcae17ec2052450a46a .av-special-heading-tag .heading-char{\nfont-size:25px;\n}\n.av-special-heading.av-av_heading-aa439954dead0fcae17ec2052450a46a .av-subheading{\nfont-size:15px;\n}\n<\/style>\n<div  class='av-special-heading av-av_heading-aa439954dead0fcae17ec2052450a46a av-special-heading-h2 blockquote modern-quote  avia-builder-el-9  el_after_av_one_third  el_before_av_textblock '><h2 class='av-special-heading-tag '  itemprop=\"headline\"  >Donacions<\/h2><div class=\"special-heading-border\"><div class=\"special-heading-inner-border\"><\/div><\/div><\/div>\n<section  class='av_textblock_section av-jrrkuiir-ec28a9354b54c0d17b780f42af54cb65 '   itemscope=\"itemscope\" itemtype=\"https:\/\/schema.org\/CreativeWork\" ><div class='avia_textblock'  itemprop=\"text\" ><p>El Museu incorpora als seus fons nombroses donacions de persones, entitats i institucions vinculades a Badalona. Els objectes i documents que constitueixen les donacions s\u00f3n registrats, classificats i documentats segons la seva naturalesa i caracter\u00edstiques, i s\u2019ubiquen a les sales de reserva del Museu, on es guarden en les condicions adequades per a la seva conservaci\u00f3. Tamb\u00e9 es poden integrar en les exposicions permanents del Museu o b\u00e9 en les exposicions temporals. En tot cas, sempre estan a disposici\u00f3 del p\u00fablic que les vulgui consultar.<\/p>\n<h3><strong>Com fer una donaci\u00f3<\/strong><\/h3>\n<blockquote>\n<p>Si voleu contribuir a la preservaci\u00f3, conservaci\u00f3 i difusi\u00f3 de materials relacionats amb la hist\u00f2ria de Badalona, truqueu al Museu (933 841 750) o escriviu un correu electr\u00f2nic a (info@museudebadalona.cat per a objectes, fons o material fotogr\u00e0fic i fons d\u2019arxiu).<\/p>\n<\/blockquote>\n<\/div><\/section>\n\n<style type=\"text\/css\" data-created_by=\"avia_inline_auto\" id=\"style-css-av-av_heading-09096140abb30e506d822295353331dd\">\n#top .av-special-heading.av-av_heading-09096140abb30e506d822295353331dd{\npadding-bottom:10px;\n}\nbody .av-special-heading.av-av_heading-09096140abb30e506d822295353331dd .av-special-heading-tag .heading-char{\nfont-size:25px;\n}\n.av-special-heading.av-av_heading-09096140abb30e506d822295353331dd .av-subheading{\nfont-size:15px;\n}\n<\/style>\n<div  class='av-special-heading av-av_heading-09096140abb30e506d822295353331dd av-special-heading-h2 blockquote modern-quote  avia-builder-el-11  el_after_av_textblock  el_before_av_textblock '><h2 class='av-special-heading-tag '  itemprop=\"headline\"  >Recerca i difusi\u00f3<\/h2><div class=\"special-heading-border\"><div class=\"special-heading-inner-border\"><\/div><\/div><\/div>\n<section  class='av_textblock_section av-jrrkuiir-ec28a9354b54c0d17b780f42af54cb65 '   itemscope=\"itemscope\" itemtype=\"https:\/\/schema.org\/CreativeWork\" ><div class='avia_textblock'  itemprop=\"text\" ><p class=\"p1\"><span class=\"s1\">El Museu promou i facilita la realitzaci\u00f3 de treballs de recerca relacionats amb Badalona i la seva hist\u00f2ria. Amb aquest objectiu, es posen a l\u2019abast dels investigadors les col\u00b7leccions muse\u00edstiques i documentals que es custodien al Museu i, si cal, se\u2019ls d\u00f3na assessorament. Aix\u00ed mateix, el Museu t\u00e9 signats convenis de col\u00b7laboraci\u00f3 amb diverses universitats.<\/span><\/p>\n<p class=\"p1\"><span class=\"s1\">La import\u00e0ncia del patrimoni rom\u00e0 que es conserva a Badalona i que gestiona el Museu, i l\u2019aportaci\u00f3 continuada de noves informacions procedents de l\u2019arqueologia urbana, fa que tinguin una especial rellev\u00e0ncia els treballs d\u2019investigaci\u00f3 relacionats amb la ciutat de <i>Baetulo<\/i> i el seu territori.<\/span><\/p>\n<p class=\"p1\"><span class=\"s1\">El Museu disposa dels mitjans per difondre treballs de recerca, especialment mitjan\u00e7ant la seva publicaci\u00f3, ja sigui dins la revista-anuari <i>Carrer dels Arbres<\/i> o en diverses col\u00b7leccions d\u2019obres especialitzades.<\/span><\/p>\n<\/div><\/section>\n<\/div><\/div><\/main><!-- close content main element --><\/div><\/div><\/div><div id='after_section_1'  class='main_color av_default_container_wrap container_wrap sidebar_right'  ><div class='container av-section-cont-open' ><div class='template-page content  av-content-small alpha units'><div class='post-entry post-entry-type-page post-entry-10751'><div class='entry-content-wrapper clearfix'>\n","protected":false},"excerpt":{"rendered":"","protected":false},"author":1,"featured_media":0,"parent":0,"menu_order":0,"comment_status":"closed","ping_status":"closed","template":"","meta":{"_acf_changed":false,"_price":"","_stock":"","_tribe_ticket_header":"","_tribe_default_ticket_provider":"","_tribe_ticket_capacity":"0","_ticket_start_date":"","_ticket_end_date":"","_tribe_ticket_show_description":"","_tribe_ticket_show_not_going":false,"_tribe_ticket_use_global_stock":"","_tribe_ticket_global_stock_level":"","_global_stock_mode":"","_global_stock_cap":"","_tribe_rsvp_for_event":"","_tribe_ticket_going_count":"","_tribe_ticket_not_going_count":"","_tribe_tickets_list":"[]","_tribe_ticket_has_attendee_info_fields":false,"footnotes":""},"class_list":["post-10751","page","type-page","status-publish","hentry"],"acf":[],"ticketed":false,"_links":{"self":[{"href":"https:\/\/www.museudebadalona.cat\/en\/wp-json\/wp\/v2\/pages\/10751"}],"collection":[{"href":"https:\/\/www.museudebadalona.cat\/en\/wp-json\/wp\/v2\/pages"}],"about":[{"href":"https:\/\/www.museudebadalona.cat\/en\/wp-json\/wp\/v2\/types\/page"}],"author":[{"embeddable":true,"href":"https:\/\/www.museudebadalona.cat\/en\/wp-json\/wp\/v2\/users\/1"}],"replies":[{"embeddable":true,"href":"https:\/\/www.museudebadalona.cat\/en\/wp-json\/wp\/v2\/comments?post=10751"}],"version-history":[{"count":1,"href":"https:\/\/www.museudebadalona.cat\/en\/wp-json\/wp\/v2\/pages\/10751\/revisions"}],"predecessor-version":[{"id":11172,"href":"https:\/\/www.museudebadalona.cat\/en\/wp-json\/wp\/v2\/pages\/10751\/revisions\/11172"}],"wp:attachment":[{"href":"https:\/\/www.museudebadalona.cat\/en\/wp-json\/wp\/v2\/media?parent=10751"}],"curies":[{"name":"wp","href":"https:\/\/api.w.org\/{rel}","templated":true}]}}